{"id":1919,"date":"2021-08-11T13:51:25","date_gmt":"2021-08-11T13:51:25","guid":{"rendered":"https:\/\/case-bertolli.mpbr.dev\/contact\/"},"modified":"2021-11-17T15:25:04","modified_gmt":"2021-11-17T15:25:04","slug":"contact","status":"publish","type":"page","link":"https:\/\/case-bertolli.mpbr.dev\/de\/contact\/","title":{"rendered":"Contact"},"content":{"rendered":"[vc_row type=&#8220;full_width_content&#8220; full_screen_row_position=&#8220;middle&#8220; column_margin=&#8220;default&#8220; column_direction=&#8220;default&#8220; column_direction_tablet=&#8220;default&#8220; column_direction_phone=&#8220;default&#8220; bg_color=&#8220;#fdf2e4&#8243; scene_position=&#8220;center&#8220; top_padding=&#8220;300&#8243; text_color=&#8220;dark&#8220; text_align=&#8220;left&#8220; row_border_radius=&#8220;none&#8220; row_border_radius_applies=&#8220;bg&#8220; class=&#8220;header-subpage-achtergrond&#8220; overlay_strength=&#8220;0.3&#8243; gradient_direction=&#8220;left_to_right&#8220; shape_divider_position=&#8220;bottom&#8220; bg_image_animation=&#8220;none&#8220; shape_type=&#8220;&#8220;][vc_column column_padding=&#8220;no-extra-padding&#8220; column_padding_tablet=&#8220;inherit&#8220; column_padding_phone=&#8220;inherit&#8220; column_padding_position=&#8220;all&#8220; background_color_opacity=&#8220;1&#8243; background_hover_color_opacity=&#8220;1&#8243; column_shadow=&#8220;none&#8220; column_border_radius=&#8220;none&#8220; column_link_target=&#8220;_self&#8220; gradient_direction=&#8220;left_to_right&#8220; overlay_strength=&#8220;0.3&#8243; width=&#8220;1\/1&#8243; tablet_width_inherit=&#8220;default&#8220; tablet_text_alignment=&#8220;default&#8220; phone_text_alignment=&#8220;default&#8220; column_border_width=&#8220;none&#8220; column_border_style=&#8220;solid&#8220; bg_image_animation=&#8220;none&#8220;][vc_raw_html]JTNDZGl2JTIwY2xhc3MlM0QlMjJkdWJiZWxlLWxpam4lMjIlM0UlM0MlMkZkaXYlM0UlMEElM0NkaXYlMjBjbGFzcyUzRCUyMnJ1aXRlbi16d2FydCUyMiUzRSUzQyUyRmRpdiUzRQ==[\/vc_raw_html][\/vc_column][\/vc_row][vc_row type=&#8220;in_container&#8220; full_screen_row_position=&#8220;middle&#8220; column_margin=&#8220;default&#8220; column_direction=&#8220;default&#8220; column_direction_tablet=&#8220;default&#8220; column_direction_phone=&#8220;default&#8220; bg_image=&#8220;1307&#8243; bg_position=&#8220;center center&#8220; bg_repeat=&#8220;no-repeat&#8220; scene_position=&#8220;center&#8220; top_padding=&#8220;130&#8243; bottom_padding=&#8220;130&#8243; text_color=&#8220;dark&#8220; text_align=&#8220;left&#8220; row_border_radius=&#8220;none&#8220; row_border_radius_applies=&#8220;bg&#8220; class=&#8220;header-subpage&#8220; overlay_strength=&#8220;0.3&#8243; gradient_direction=&#8220;left_to_right&#8220; shape_divider_position=&#8220;bottom&#8220; bg_image_animation=&#8220;none&#8220; shape_type=&#8220;&#8220;][vc_column column_padding=&#8220;no-extra-padding&#8220; column_padding_tablet=&#8220;inherit&#8220; column_padding_phone=&#8220;inherit&#8220; column_padding_position=&#8220;all&#8220; background_color_opacity=&#8220;1&#8243; background_hover_color_opacity=&#8220;1&#8243; column_shadow=&#8220;none&#8220; column_border_radius=&#8220;none&#8220; column_link_target=&#8220;_self&#8220; gradient_direction=&#8220;left_to_right&#8220; overlay_strength=&#8220;0.3&#8243; width=&#8220;1\/1&#8243; tablet_width_inherit=&#8220;default&#8220; tablet_text_alignment=&#8220;default&#8220; phone_text_alignment=&#8220;default&#8220; column_border_width=&#8220;none&#8220; column_border_style=&#8220;solid&#8220; bg_image_animation=&#8220;none&#8220;][vc_column_text el_class=&#8220;color-white&#8220;]\n<h1 style=\"text-align: center;\">Nehmen Sie Kontakt auf<\/h1>\n[\/vc_column_text][image_with_animation image_url=&#8220;328&#8243; animation=&#8220;Fade In&#8220; hover_animation=&#8220;none&#8220; alignment=&#8220;&#8220; border_radius=&#8220;none&#8220; box_shadow=&#8220;none&#8220; image_loading=&#8220;default&#8220; max_width=&#8220;100%&#8220; max_width_mobile=&#8220;default&#8220; el_class=&#8220;rode-stempel&#8220;][\/vc_column][\/vc_row][vc_row type=&#8220;in_container&#8220; full_screen_row_position=&#8220;middle&#8220; column_margin=&#8220;default&#8220; column_direction=&#8220;default&#8220; column_direction_tablet=&#8220;default&#8220; column_direction_phone=&#8220;default&#8220; scene_position=&#8220;center&#8220; top_padding=&#8220;90&#8243; constrain_group_1=&#8220;yes&#8220; bottom_padding=&#8220;90&#8243; text_color=&#8220;dark&#8220; text_align=&#8220;left&#8220; row_border_radius=&#8220;none&#8220; row_border_radius_applies=&#8220;bg&#8220; overlay_strength=&#8220;0.3&#8243; gradient_direction=&#8220;left_to_right&#8220; shape_divider_position=&#8220;bottom&#8220; bg_image_animation=&#8220;none&#8220; shape_type=&#8220;&#8220;][vc_column column_padding=&#8220;no-extra-padding&#8220; column_padding_tablet=&#8220;inherit&#8220; column_padding_phone=&#8220;inherit&#8220; column_padding_position=&#8220;all&#8220; background_color_opacity=&#8220;1&#8243; background_hover_color_opacity=&#8220;1&#8243; column_shadow=&#8220;none&#8220; column_border_radius=&#8220;none&#8220; column_link_target=&#8220;_self&#8220; gradient_direction=&#8220;left_to_right&#8220; overlay_strength=&#8220;0.3&#8243; width=&#8220;1\/1&#8243; tablet_width_inherit=&#8220;default&#8220; tablet_text_alignment=&#8220;default&#8220; phone_text_alignment=&#8220;default&#8220; column_border_width=&#8220;none&#8220; column_border_style=&#8220;solid&#8220; bg_image_animation=&#8220;none&#8220;][vc_raw_html]JTNDZGl2JTIwY2xhc3MlM0QlMjJ3YXRlcm1lcmslMjIlM0UlM0MlMkZkaXYlM0U=[\/vc_raw_html][vc_row_inner column_margin=&#8220;default&#8220; column_direction=&#8220;default&#8220; column_direction_tablet=&#8220;default&#8220; column_direction_phone=&#8220;default&#8220; text_align=&#8220;left&#8220;][vc_column_inner column_padding=&#8220;padding-5-percent&#8220; column_padding_tablet=&#8220;inherit&#8220; column_padding_phone=&#8220;no-extra-padding&#8220; column_padding_position=&#8220;right&#8220; background_color_opacity=&#8220;1&#8243; background_hover_color_opacity=&#8220;1&#8243; column_shadow=&#8220;none&#8220; column_border_radius=&#8220;none&#8220; column_link_target=&#8220;_self&#8220; gradient_direction=&#8220;left_to_right&#8220; overlay_strength=&#8220;0.3&#8243; width=&#8220;1\/2&#8243; tablet_width_inherit=&#8220;default&#8220; column_border_width=&#8220;none&#8220; column_border_style=&#8220;solid&#8220; bg_image_animation=&#8220;none&#8220;][vc_column_text]Haben Sie eine Frage, eine Bemerkung, eine sehr gute Idee oder eine Beschwerde?<br \/>\nWir vernehmen es gerne! Nehmen Sie bitte \u00fcber dieses Formular Kontakt mit uns auf.<\/p>\n<p>Werfen Sie auch einen Blick auf unsere h\u00e4ufig gestellten Fragen &#8211; vielleicht haben wir Ihre Frage bereits beantwortet.[\/vc_column_text][mpbr_btn size=&#8220;medium&#8220; button_style=&#8220;regular&#8220; button_color_2=&#8220;Accent-Color&#8220; icon_family=&#8220;none&#8220; el_class=&#8220;custom-button klein&#8220; text=&#8220;FAQ ansehen&#8220; url=&#8220;#faq&#8220;][\/vc_column_inner][vc_column_inner column_padding=&#8220;padding-10-percent&#8220; column_padding_tablet=&#8220;inherit&#8220; column_padding_phone=&#8220;no-extra-padding&#8220; column_padding_position=&#8220;right&#8220; background_color_opacity=&#8220;1&#8243; background_hover_color_opacity=&#8220;1&#8243; column_shadow=&#8220;none&#8220; column_border_radius=&#8220;none&#8220; column_link_target=&#8220;_self&#8220; gradient_direction=&#8220;left_to_right&#8220; overlay_strength=&#8220;0.3&#8243; width=&#8220;1\/2&#8243; tablet_width_inherit=&#8220;default&#8220; column_border_width=&#8220;none&#8220; column_border_style=&#8220;solid&#8220; bg_image_animation=&#8220;none&#8220;]\n<div class=\"wpcf7 no-js\" id=\"wpcf7-f1924-o1\" lang=\"nl-NL\" dir=\"ltr\" data-wpcf7-id=\"1924\">\n<div class=\"screen-reader-response\"><p role=\"status\" aria-live=\"polite\" aria-atomic=\"true\"><\/p> <ul><\/ul><\/div>\n<form action=\"\/de\/wp-json\/wp\/v2\/pages\/1919#wpcf7-f1924-o1\" method=\"post\" class=\"wpcf7-form init\" aria-label=\"Contactformulier\" novalidate=\"novalidate\" data-status=\"init\">\n<fieldset class=\"hidden-fields-container\"><input type=\"hidden\" name=\"_wpcf7\" value=\"1924\" \/><input type=\"hidden\" name=\"_wpcf7_version\" value=\"6.1.5\" \/><input type=\"hidden\" name=\"_wpcf7_locale\" value=\"nl_NL\" \/><input type=\"hidden\" name=\"_wpcf7_unit_tag\" value=\"wpcf7-f1924-o1\" \/><input type=\"hidden\" name=\"_wpcf7_container_post\" value=\"0\" \/><input type=\"hidden\" name=\"_wpcf7_posted_data_hash\" value=\"\" \/><input type=\"hidden\" name=\"_wpcf7_recaptcha_response\" value=\"\" \/>\n<\/fieldset>\n<p><span class=\"wpcf7-form-control-wrap\" data-name=\"your-name\"><input size=\"40\" maxlength=\"400\" class=\"wpcf7-form-control wpcf7-text wpcf7-validates-as-required\" aria-required=\"true\" aria-invalid=\"false\" placeholder=\"Name\" value=\"\" type=\"text\" name=\"your-name\" \/><\/span><span class=\"wpcf7-form-control-wrap\" data-name=\"your-email\"><input size=\"40\" maxlength=\"400\" class=\"wpcf7-form-control wpcf7-email wpcf7-validates-as-required wpcf7-text wpcf7-validates-as-email\" aria-required=\"true\" aria-invalid=\"false\" placeholder=\"E-Mail-Adresse\" value=\"\" type=\"email\" name=\"your-email\" \/><\/span><span class=\"wpcf7-form-control-wrap\" data-name=\"menu-853\"><select class=\"wpcf7-form-control wpcf7-select wpcf7-validates-as-required\" aria-required=\"true\" aria-invalid=\"false\" name=\"menu-853\"><option value=\"Ich habe eine Frage\">Ich habe eine Frage<\/option><option value=\"Ich habe eine Beschwerde\">Ich habe eine Beschwerde<\/option><option value=\"Ich habe eine Idee oder ein Kompliment\">Ich habe eine Idee oder ein Kompliment<\/option><\/select><\/span><span class=\"wpcf7-form-control-wrap\" data-name=\"your-message\"><textarea cols=\"40\" rows=\"10\" maxlength=\"2000\" class=\"wpcf7-form-control wpcf7-textarea wpcf7-validates-as-required\" aria-required=\"true\" aria-invalid=\"false\" placeholder=\"Geben Sie hier Ihre Nachricht ein\" name=\"your-message\"><\/textarea><\/span><br \/>\n<input class=\"wpcf7-form-control wpcf7-submit has-spinner\" type=\"submit\" value=\"Versenden\" \/>\n<\/p><div class=\"wpcf7-response-output\" aria-hidden=\"true\"><\/div>\n<\/form>\n<\/div>\n[\/vc_column_inner][\/vc_row_inner][\/vc_column][\/vc_row][vc_row type=&#8220;full_width_background&#8220; full_screen_row_position=&#8220;middle&#8220; column_margin=&#8220;default&#8220; column_direction=&#8220;default&#8220; column_direction_tablet=&#8220;default&#8220; column_direction_phone=&#8220;default&#8220; bg_color=&#8220;#f4b2a1&#8243; scene_position=&#8220;center&#8220; top_padding=&#8220;90&#8243; bottom_padding=&#8220;90&#8243; text_color=&#8220;dark&#8220; text_align=&#8220;left&#8220; row_border_radius=&#8220;none&#8220; row_border_radius_applies=&#8220;bg&#8220; class=&#8220;ruiten-boven roze dubbele-lijn-background watermark-background&#8220; id=&#8220;faq&#8220; overlay_strength=&#8220;0.3&#8243; gradient_direction=&#8220;left_to_right&#8220; shape_divider_position=&#8220;bottom&#8220; bg_image_animation=&#8220;none&#8220; shape_type=&#8220;&#8220;][vc_column column_padding=&#8220;no-extra-padding&#8220; column_padding_tablet=&#8220;inherit&#8220; column_padding_phone=&#8220;inherit&#8220; column_padding_position=&#8220;all&#8220; background_color_opacity=&#8220;1&#8243; background_hover_color_opacity=&#8220;1&#8243; column_shadow=&#8220;none&#8220; column_border_radius=&#8220;none&#8220; column_link_target=&#8220;_self&#8220; gradient_direction=&#8220;left_to_right&#8220; overlay_strength=&#8220;0.3&#8243; width=&#8220;1\/1&#8243; tablet_width_inherit=&#8220;default&#8220; tablet_text_alignment=&#8220;default&#8220; phone_text_alignment=&#8220;default&#8220; column_border_width=&#8220;none&#8220; column_border_style=&#8220;solid&#8220; bg_image_animation=&#8220;none&#8220;][vc_column_text el_class=&#8220;komua color-white&#8220;]\n<h2 style=\"text-align: center;\">H\u00e4ufig gestellte Fragen<\/h2>\n[\/vc_column_text][toggles style=&#8220;minimal&#8220; accordion=&#8220;true&#8220;][toggle color=&#8220;Default&#8220; title=&#8220;WO KANN ICH EINE LISTE MIT PRODUKTEN OHNE ALLERGENE FINDEN?&#8220;][vc_column_text]Leider haben wir keine Liste mit Produkten, die frei von einem bestimmten Allergen sind, da diese schnell veraltet sein kann. Informationen \u00fcber Allergene finden Sie auf den Verpackungen. Wenn eines der 14 gesetzlich zu vermeldenden Allergene als Zutat in einem Produkt verwendet wird, ist dies in der Zutatenliste auf der Verpackung angegeben. Dies sind die gesetzlich vorgeschriebenen Allergene: glutenhaltiges Getreide, H\u00fchnerei, Fisch, Erdn\u00fcsse, N\u00fcsse, Soja, Milch einschlie\u00dflich Laktose, Krebstiere, Weichtiere, Sellerie, Senf, Sesamsamen, Sulfit und Lupine. Bertolli erw\u00e4hnt Spuren dieser 14 Allergene, auch wenn sie in einem Produkt vorhanden sind oder sein k\u00f6nnen. Wir verwenden Formulierungen wie \u201eKann Spuren von &#8230; enthalten&#8220;. Wenn das Allergen nicht auf der Verpackung aufgef\u00fchrt ist, enth\u00e4lt das Produkt keine Allerge.[\/vc_column_text][\/toggle][toggle color=&#8220;Default&#8220; title=&#8220;Die Allergenit\u00e4t ist in den europ\u00e4ischen Rechtsvorschriften festgelegt. Menschen reagieren des \u00d6fteren allergisch auf Proteine. Die EU hat festgelegt, welche Allergene ausdr\u00fccklich auf der Verpackung angegeben werden m\u00fcssen, da sie sehr schwerwiegende Reaktionen hervorrufen k\u00f6nnen.&#8220;][vc_column_text]Allergeniciteit is ook vastgelegd in de Europese wetgeving. Mensen zijn met name allergisch voor eiwitten. De EU heeft vastgesteld welke allergenen expliciet op de verpakking vermeld moeten worden, omdat zij kunnen leiden tot zeer ernstige reacties bij mensen.<\/p>\n<p><u><b>Enth\u00e4lt Bertolli verborgene Inhaltsstoffe?<br \/>\n<\/b><\/u>Alle von uns verwendeten Zutaten sind auf der Verpackung aufgef\u00fchrt. Wenn Kr\u00e4uter und\/oder Gew\u00fcrze erw\u00e4hnt werden, handelt es sich immer um reine Kr\u00e4uter oder Gew\u00fcrze. Die wir gerne etwas geheim halten&#8230; Wir verwenden jedoch niemals Aromen oder Geschmacksverst\u00e4rker unter diesem Namen.[\/vc_column_text][\/toggle][toggle color=&#8220;Default&#8220; title=&#8220;KANN EIN BERTOLLI-PRODUKT, DESSEN HALTBARKEITSDATUM ABGELAUFEN IST, NOCH VERWENDET WERDEN?&#8220;][vc_column_text]Bertolli-Produkte erf\u00fcllen bis zum Haltbarkeitsdatum unsere strengen Qualit\u00e4tsstandards. Danach k\u00f6nnen wir die Produktqualit\u00e4t nicht mehr garantieren.[\/vc_column_text][\/toggle][toggle color=&#8220;Default&#8220; title=&#8220;Ich kann Produkt X in meinem Supermarkt nicht finden. Was nun?&#8220;][vc_column_text]F\u00fchrt Ihr Lieblingssupermarkt das von Ihnen gesuchte Bertolli-Produkt noch nicht? Fragen Sie dann am Service-Schalter oder in der Hauptgesch\u00e4ftsstelle der Supermarktkette nach, ob sie dies f\u00fcr Sie in das Sortiment aufnehmen k\u00f6nnen. Die Hauptgesch\u00e4ftsstellen sind in der Regel am besten per E-Mail zu erreichen. Die Adresse ist auf der Website der jeweiligen Kette zu finden. Bertolli beliefert fast alle deutsche Superm\u00e4rkte und sollte auch in der Lage sein, Ihren Supermarkt zu beliefern.[\/vc_column_text][\/toggle][toggle color=&#8220;Default&#8220; title=&#8220;Welche BERTOLLI PRODUKTE SIND VEGETARISCH oder vegan?&#8220;][vc_column_text]Einen \u00dcberblick \u00fcber alle vegetarischen und veganen Produkte finden Sie auf der Produktseite.[\/vc_column_text][\/toggle][\/toggles][vc_column_text el_class=&#8220;color-white&#8220;]Haben Sie eine andere Frage, eine Beschwerde oder ein Kompliment? Nehmen Sie bitte Kontakt zu uns auf. F\u00fcllen Sie das Kontaktformular aus und wir werden uns so bald wie m\u00f6glich mit Ihnen in Verbindung setzen![\/vc_column_text][\/vc_column][\/vc_row]\n","protected":false},"excerpt":{"rendered":"<p>[vc_row type=&#8220;full_width_content&#8220; full_screen_row_position=&#8220;middle&#8220; column_margin=&#8220;default&#8220; column_direction=&#8220;default&#8220; column_direction_tablet=&#8220;default&#8220; column_direction_phone=&#8220;default&#8220; bg_color=&#8220;#fdf2e4&#8243; scene_position=&#8220;center&#8220; top_padding=&#8220;300&#8243; text_color=&#8220;dark&#8220; text_align=&#8220;left&#8220; row_border_radius=&#8220;none&#8220; row_border_radius_applies=&#8220;bg&#8220; class=&#8220;header-subpage-achtergrond&#8220; overlay_strength=&#8220;0.3&#8243; gradient_direction=&#8220;left_to_right&#8220; shape_divider_position=&#8220;bottom&#8220; bg_image_animation=&#8220;none&#8220; shape_type=&#8220;&#8220;][vc_column column_padding=&#8220;no-extra-padding&#8220; column_padding_tablet=&#8220;inherit&#8220; column_padding_phone=&#8220;inherit&#8220; column_padding_position=&#8220;all&#8220; background_color_opacity=&#8220;1&#8243; background_hover_color_opacity=&#8220;1&#8243; column_shadow=&#8220;none&#8220; column_border_radius=&#8220;none&#8220; column_link_target=&#8220;_self&#8220; gradient_direction=&#8220;left_to_right&#8220;&#8230;<\/p>\n","protected":false},"author":6,"featured_media":0,"parent":0,"menu_order":22,"comment_status":"closed","ping_status":"closed","template":"","meta":{"inline_featured_image":false,"footnotes":""},"class_list":["post-1919","page","type-page","status-publish"],"_links":{"self":[{"href":"https:\/\/case-bertolli.mpbr.dev\/de\/wp-json\/wp\/v2\/pages\/1919","targetHints":{"allow":["GET"]}}],"collection":[{"href":"https:\/\/case-bertolli.mpbr.dev\/de\/wp-json\/wp\/v2\/pages"}],"about":[{"href":"https:\/\/case-bertolli.mpbr.dev\/de\/wp-json\/wp\/v2\/types\/page"}],"author":[{"embeddable":true,"href":"https:\/\/case-bertolli.mpbr.dev\/de\/wp-json\/wp\/v2\/users\/6"}],"replies":[{"embeddable":true,"href":"https:\/\/case-bertolli.mpbr.dev\/de\/wp-json\/wp\/v2\/comments?post=1919"}],"version-history":[{"count":2,"href":"https:\/\/case-bertolli.mpbr.dev\/de\/wp-json\/wp\/v2\/pages\/1919\/revisions"}],"predecessor-version":[{"id":1927,"href":"https:\/\/case-bertolli.mpbr.dev\/de\/wp-json\/wp\/v2\/pages\/1919\/revisions\/1927"}],"wp:attachment":[{"href":"https:\/\/case-bertolli.mpbr.dev\/de\/wp-json\/wp\/v2\/media?parent=1919"}],"curies":[{"name":"wp","href":"https:\/\/api.w.org\/{rel}","templated":true}]}}