{"id":1850,"date":"2021-08-09T09:53:15","date_gmt":"2021-08-09T09:53:15","guid":{"rendered":"https:\/\/case-bertolli.mpbr.dev\/over-bertolli\/"},"modified":"2023-01-27T11:20:54","modified_gmt":"2023-01-27T10:20:54","slug":"a-propos-de-bertolli","status":"publish","type":"page","link":"https:\/\/case-bertolli.mpbr.dev\/fr_be\/a-propos-de-bertolli\/","title":{"rendered":"\u00c0 propos de Bertolli"},"content":{"rendered":"[vc_row type=\u00a0\u00bbfull_width_content\u00a0\u00bb full_screen_row_position=\u00a0\u00bbmiddle\u00a0\u00bb column_margin=\u00a0\u00bbdefault\u00a0\u00bb column_direction=\u00a0\u00bbdefault\u00a0\u00bb column_direction_tablet=\u00a0\u00bbdefault\u00a0\u00bb column_direction_phone=\u00a0\u00bbdefault\u00a0\u00bb bg_color=\u00a0\u00bb#fbf2e7&Prime; scene_position=\u00a0\u00bbcenter\u00a0\u00bb top_padding=\u00a0\u00bb100&Prime; text_color=\u00a0\u00bbdark\u00a0\u00bb text_align=\u00a0\u00bbleft\u00a0\u00bb row_border_radius=\u00a0\u00bbnone\u00a0\u00bb row_border_radius_applies=\u00a0\u00bbbg\u00a0\u00bb overlay_strength=\u00a0\u00bb0.3&Prime; gradient_direction=\u00a0\u00bbleft_to_right\u00a0\u00bb shape_divider_position=\u00a0\u00bbbottom\u00a0\u00bb bg_image_animation=\u00a0\u00bbnone\u00a0\u00bb shape_type=\u00a0\u00bb\u00a0\u00bb][vc_column column_padding=\u00a0\u00bbno-extra-padding\u00a0\u00bb column_padding_tablet=\u00a0\u00bbinherit\u00a0\u00bb column_padding_phone=\u00a0\u00bbinherit\u00a0\u00bb column_padding_position=\u00a0\u00bball\u00a0\u00bb background_color_opacity=\u00a0\u00bb1&Prime; background_hover_color_opacity=\u00a0\u00bb1&Prime; column_shadow=\u00a0\u00bbnone\u00a0\u00bb column_border_radius=\u00a0\u00bbnone\u00a0\u00bb column_link_target=\u00a0\u00bb_self\u00a0\u00bb gradient_direction=\u00a0\u00bbleft_to_right\u00a0\u00bb overlay_strength=\u00a0\u00bb0.3&Prime; width=\u00a0\u00bb1\/1&Prime; tablet_width_inherit=\u00a0\u00bbdefault\u00a0\u00bb tablet_text_alignment=\u00a0\u00bbdefault\u00a0\u00bb phone_text_alignment=\u00a0\u00bbdefault\u00a0\u00bb column_border_width=\u00a0\u00bbnone\u00a0\u00bb column_border_style=\u00a0\u00bbsolid\u00a0\u00bb bg_image_animation=\u00a0\u00bbnone\u00a0\u00bb][vc_raw_html]JTNDZGl2JTIwY2xhc3MlM0QlMjJkdWJiZWxlLWxpam4lMjIlM0UlM0MlMkZkaXYlM0UlMEElM0NkaXYlMjBjbGFzcyUzRCUyMnJ1aXRlbi16d2FydCUyMiUzRSUzQyUyRmRpdiUzRQ==[\/vc_raw_html][\/vc_column][\/vc_row][vc_row type=\u00a0\u00bbin_container\u00a0\u00bb full_screen_row_position=\u00a0\u00bbmiddle\u00a0\u00bb column_margin=\u00a0\u00bbdefault\u00a0\u00bb column_direction=\u00a0\u00bbdefault\u00a0\u00bb column_direction_tablet=\u00a0\u00bbdefault\u00a0\u00bb column_direction_phone=\u00a0\u00bbdefault\u00a0\u00bb scene_position=\u00a0\u00bbcenter\u00a0\u00bb top_padding=\u00a0\u00bb90&Prime; text_color=\u00a0\u00bbdark\u00a0\u00bb text_align=\u00a0\u00bbleft\u00a0\u00bb row_border_radius=\u00a0\u00bbnone\u00a0\u00bb row_border_radius_applies=\u00a0\u00bbbg\u00a0\u00bb overlay_strength=\u00a0\u00bb0.3&Prime; gradient_direction=\u00a0\u00bbleft_to_right\u00a0\u00bb shape_divider_position=\u00a0\u00bbbottom\u00a0\u00bb bg_image_animation=\u00a0\u00bbnone\u00a0\u00bb shape_type=\u00a0\u00bb\u00a0\u00bb][vc_column column_padding=\u00a0\u00bbno-extra-padding\u00a0\u00bb column_padding_tablet=\u00a0\u00bbinherit\u00a0\u00bb column_padding_phone=\u00a0\u00bbinherit\u00a0\u00bb column_padding_position=\u00a0\u00bball\u00a0\u00bb background_color_opacity=\u00a0\u00bb1&Prime; background_hover_color_opacity=\u00a0\u00bb1&Prime; column_shadow=\u00a0\u00bbnone\u00a0\u00bb column_border_radius=\u00a0\u00bbnone\u00a0\u00bb column_link_target=\u00a0\u00bb_self\u00a0\u00bb gradient_direction=\u00a0\u00bbleft_to_right\u00a0\u00bb overlay_strength=\u00a0\u00bb0.3&Prime; width=\u00a0\u00bb1\/1&Prime; tablet_width_inherit=\u00a0\u00bbdefault\u00a0\u00bb tablet_text_alignment=\u00a0\u00bbdefault\u00a0\u00bb phone_text_alignment=\u00a0\u00bbdefault\u00a0\u00bb column_border_width=\u00a0\u00bbnone\u00a0\u00bb column_border_style=\u00a0\u00bbsolid\u00a0\u00bb bg_image_animation=\u00a0\u00bbnone\u00a0\u00bb][vc_row_inner column_margin=\u00a0\u00bbdefault\u00a0\u00bb column_direction=\u00a0\u00bbdefault\u00a0\u00bb column_direction_tablet=\u00a0\u00bbdefault\u00a0\u00bb column_direction_phone=\u00a0\u00bbdefault\u00a0\u00bb text_align=\u00a0\u00bbleft\u00a0\u00bb][vc_column_inner column_padding=\u00a0\u00bbpadding-5-percent\u00a0\u00bb column_padding_tablet=\u00a0\u00bbinherit\u00a0\u00bb column_padding_phone=\u00a0\u00bbno-extra-padding\u00a0\u00bb column_padding_position=\u00a0\u00bbright\u00a0\u00bb background_color_opacity=\u00a0\u00bb1&Prime; background_hover_color_opacity=\u00a0\u00bb1&Prime; column_shadow=\u00a0\u00bbnone\u00a0\u00bb column_border_radius=\u00a0\u00bbnone\u00a0\u00bb column_link_target=\u00a0\u00bb_self\u00a0\u00bb gradient_direction=\u00a0\u00bbleft_to_right\u00a0\u00bb overlay_strength=\u00a0\u00bb0.3&Prime; width=\u00a0\u00bb1\/2&Prime; tablet_width_inherit=\u00a0\u00bbdefault\u00a0\u00bb column_border_width=\u00a0\u00bbnone\u00a0\u00bb column_border_style=\u00a0\u00bbsolid\u00a0\u00bb bg_image_animation=\u00a0\u00bbnone\u00a0\u00bb enable_animation=\u00a0\u00bbtrue\u00a0\u00bb animation=\u00a0\u00bbfade-in-from-left\u00a0\u00bb][vc_column_text el_class=\u00a0\u00bbkomua\u00a0\u00bb]\n<h1>Notre histoire<\/h1>\n[\/vc_column_text][vc_column_text]Un voyage merveilleux qui d\u00e9buta avec une passion pour la bonne cuisine et des ingr\u00e9dients simples. D\u00e9couvrez l\u2019histoire de la soci\u00e9t\u00e9 Bertolli de ses humbles d\u00e9buts \u00e0 son succ\u00e8s mondial.[\/vc_column_text][\/vc_column_inner][vc_column_inner column_padding=\u00a0\u00bbno-extra-padding\u00a0\u00bb column_padding_tablet=\u00a0\u00bbinherit\u00a0\u00bb column_padding_phone=\u00a0\u00bbinherit\u00a0\u00bb column_padding_position=\u00a0\u00bball\u00a0\u00bb background_color_opacity=\u00a0\u00bb1&Prime; background_hover_color_opacity=\u00a0\u00bb1&Prime; column_shadow=\u00a0\u00bbnone\u00a0\u00bb column_border_radius=\u00a0\u00bbnone\u00a0\u00bb column_link_target=\u00a0\u00bb_self\u00a0\u00bb gradient_direction=\u00a0\u00bbleft_to_right\u00a0\u00bb overlay_strength=\u00a0\u00bb0.3&Prime; width=\u00a0\u00bb1\/2&Prime; tablet_width_inherit=\u00a0\u00bbdefault\u00a0\u00bb column_border_width=\u00a0\u00bbnone\u00a0\u00bb column_border_style=\u00a0\u00bbsolid\u00a0\u00bb bg_image_animation=\u00a0\u00bbnone\u00a0\u00bb enable_animation=\u00a0\u00bbtrue\u00a0\u00bb animation=\u00a0\u00bbfade-in-from-right\u00a0\u00bb delay=\u00a0\u00bb300&Prime;][image_with_animation image_url=\u00a0\u00bb1301&Prime; animation=\u00a0\u00bbFade In\u00a0\u00bb hover_animation=\u00a0\u00bbnone\u00a0\u00bb alignment=\u00a0\u00bbcenter\u00a0\u00bb border_radius=\u00a0\u00bbnone\u00a0\u00bb box_shadow=\u00a0\u00bbnone\u00a0\u00bb image_loading=\u00a0\u00bbdefault\u00a0\u00bb max_width=\u00a0\u00bb100%\u00a0\u00bb max_width_mobile=\u00a0\u00bbdefault\u00a0\u00bb el_class=\u00a0\u00bbmin-margin afbeelding-radius\u00a0\u00bb][image_with_animation image_url=\u00a0\u00bb325&Prime; animation=\u00a0\u00bbFade In\u00a0\u00bb hover_animation=\u00a0\u00bbnone\u00a0\u00bb alignment=\u00a0\u00bb\u00a0\u00bb border_radius=\u00a0\u00bbnone\u00a0\u00bb box_shadow=\u00a0\u00bbnone\u00a0\u00bb image_loading=\u00a0\u00bbdefault\u00a0\u00bb max_width=\u00a0\u00bb100%\u00a0\u00bb max_width_mobile=\u00a0\u00bbdefault\u00a0\u00bb el_class=\u00a0\u00bbhandtekening\u00a0\u00bb][image_with_animation image_url=\u00a0\u00bb328&Prime; animation=\u00a0\u00bbFade In\u00a0\u00bb hover_animation=\u00a0\u00bbnone\u00a0\u00bb alignment=\u00a0\u00bb\u00a0\u00bb border_radius=\u00a0\u00bbnone\u00a0\u00bb box_shadow=\u00a0\u00bbnone\u00a0\u00bb image_loading=\u00a0\u00bbdefault\u00a0\u00bb max_width=\u00a0\u00bb100%\u00a0\u00bb max_width_mobile=\u00a0\u00bbdefault\u00a0\u00bb el_class=\u00a0\u00bbrode-stempel\u00a0\u00bb][\/vc_column_inner][\/vc_row_inner][image_with_animation image_url=\u00a0\u00bb259&Prime; animation=\u00a0\u00bbFade In\u00a0\u00bb hover_animation=\u00a0\u00bbnone\u00a0\u00bb alignment=\u00a0\u00bb\u00a0\u00bb border_radius=\u00a0\u00bbnone\u00a0\u00bb box_shadow=\u00a0\u00bbnone\u00a0\u00bb image_loading=\u00a0\u00bbdefault\u00a0\u00bb max_width=\u00a0\u00bb100%\u00a0\u00bb max_width_mobile=\u00a0\u00bbdefault\u00a0\u00bb el_class=\u00a0\u00bbwatermerk-2&Prime;][\/vc_column][\/vc_row][vc_row type=\u00a0\u00bbin_container\u00a0\u00bb full_screen_row_position=\u00a0\u00bbmiddle\u00a0\u00bb column_margin=\u00a0\u00bbdefault\u00a0\u00bb column_direction=\u00a0\u00bbdefault\u00a0\u00bb column_direction_tablet=\u00a0\u00bbdefault\u00a0\u00bb column_direction_phone=\u00a0\u00bbdefault\u00a0\u00bb scene_position=\u00a0\u00bbcenter\u00a0\u00bb top_padding=\u00a0\u00bb100&Prime; text_color=\u00a0\u00bbdark\u00a0\u00bb text_align=\u00a0\u00bbleft\u00a0\u00bb row_border_radius=\u00a0\u00bbnone\u00a0\u00bb row_border_radius_applies=\u00a0\u00bbbg\u00a0\u00bb overlay_strength=\u00a0\u00bb0.3&Prime; gradient_direction=\u00a0\u00bbleft_to_right\u00a0\u00bb shape_divider_position=\u00a0\u00bbbottom\u00a0\u00bb bg_image_animation=\u00a0\u00bbnone\u00a0\u00bb shape_type=\u00a0\u00bb\u00a0\u00bb][vc_column column_padding=\u00a0\u00bbno-extra-padding\u00a0\u00bb column_padding_tablet=\u00a0\u00bbinherit\u00a0\u00bb column_padding_phone=\u00a0\u00bbinherit\u00a0\u00bb column_padding_position=\u00a0\u00bball\u00a0\u00bb background_color_opacity=\u00a0\u00bb1&Prime; background_hover_color_opacity=\u00a0\u00bb1&Prime; column_shadow=\u00a0\u00bbnone\u00a0\u00bb column_border_radius=\u00a0\u00bbnone\u00a0\u00bb column_link_target=\u00a0\u00bb_self\u00a0\u00bb gradient_direction=\u00a0\u00bbleft_to_right\u00a0\u00bb overlay_strength=\u00a0\u00bb0.3&Prime; width=\u00a0\u00bb1\/1&Prime; tablet_width_inherit=\u00a0\u00bbdefault\u00a0\u00bb tablet_text_alignment=\u00a0\u00bbdefault\u00a0\u00bb phone_text_alignment=\u00a0\u00bbdefault\u00a0\u00bb column_border_width=\u00a0\u00bbnone\u00a0\u00bb column_border_style=\u00a0\u00bbsolid\u00a0\u00bb bg_image_animation=\u00a0\u00bbnone\u00a0\u00bb][vc_column_text el_class=\u00a0\u00bbkomua\u00a0\u00bb]\n<h2 style=\"text-align: center;\">D\u00e9couvrez notre histoire<\/h2>\n[\/vc_column_text]<div class=\"timeline-container\"><div class=\"timeline\"><\/div><div class=\"timeline-item\" uk-parallax=\"opacity: 0,0,1,1,1,1,1; y:160,0,0,0,0; viewport:.65;\"><div class=\"timeline-image\" style=\"background-image:url(https:\/\/case-bertolli.mpbr.dev\/wp-content\/uploads\/Our_Story_1865.png)\"><\/div><span>1865<\/span><div class=\"timeline-content\"><p class=\"timeline-text\">Bertolli a \u00e9t\u00e9 fond\u00e9e en 1865 \u00e0 Lucca, en Toscane. Francesco Bertolli et son \u00e9pouse Caterina y ont ouvert une petite \u00e9picerie fine dans laquelle ils vendaient des produits r\u00e9gionaux typiques de la Toscane, tels que l'huile d'olive, le vin, le fromage et les olives en f\u00fbts, en caisses et en sacs.<\/p><\/div><\/div> <div class=\"timeline-item alt\" uk-parallax=\"opacity: 0,0,1,1,1,1,1; y:160,0,0,0,0; viewport:.65;\"><div class=\"timeline-image\" style=\"background-image:url(https:\/\/case-bertolli.mpbr.dev\/wp-content\/uploads\/Our_Story_1875.png)\"><\/div><span>1875<\/span><div class=\"timeline-content\"><p class=\"timeline-text\">En 1875, Francesco fonda la \u00ab Banque et Bourse Francesco Bertolli \u00bb \u00e0 Lucca, principalement pour les immigrants Italiens. La t\u00e2che principale de la banque \u00e9tait le financement du nombre croissant d'immigrants install\u00e9s essentiellement en Am\u00e9rique. Vu que les immigrants ne trouv\u00e8rent pas leur nourriture m\u00e9diterran\u00e9enne habituelle en Am\u00e9rique, ils demand\u00e8rent \u00e0 Bertolli d'envoyer des caisses de sa fameuse huile d'olive. Gr\u00e2ce \u00e0 ce march\u00e9 inattendu en dehors de l\u2019Italie , Bertolli devint le premier exportateur d'huile d'olive.<\/p><\/div><\/div> <div class=\"timeline-item\" uk-parallax=\"opacity: 0,0,1,1,1,1,1; y:160,0,0,0,0; viewport:.65;\"><div class=\"timeline-image\" style=\"background-image:url(https:\/\/case-bertolli.mpbr.dev\/wp-content\/uploads\/Our_Story_1890-2.jpg)\"><\/div><span>1890<\/span><div class=\"timeline-content\"><p class=\"timeline-text\">Vers 1890, Bertolli exportait d\u00e9j\u00e0 une importante quantit\u00e9 de marchandises, qui \u00e9taient vendues \u00e0 New York, Philadelphie et Chicago. D\u00e9sormais de plus en plus de magasins se r\u00e9pandent vers l\u2019ouest. En raison du succ\u00e8s croissant, des march\u00e9s d\u2019exportation s\u2019ouvrent au Canada et en Australie, outre l\u2019Am\u00e9rique.<\/p><\/div><\/div> <div class=\"timeline-item alt\" uk-parallax=\"opacity: 0,0,1,1,1,1,1; y:160,0,0,0,0; viewport:.65;\"><div class=\"timeline-image\" style=\"background-image:url(https:\/\/case-bertolli.mpbr.dev\/wp-content\/uploads\/1900-7.jpg)\"><\/div><span>1900<\/span><div class=\"timeline-content\"><p class=\"timeline-text\">La marque Bertolli s\u2019associait davantage mondialement \u00e0 la beaut\u00e9 du style de vie Italien et \u00e0 la d\u00e9licieuse cuisine. Les saveurs Bertolli sont de plus en plus r\u00e9put\u00e9s.<\/p><\/div><\/div> <div class=\"timeline-item\" uk-parallax=\"opacity: 0,0,1,1,1,1,1; y:160,0,0,0,0; viewport:.65;\"><div class=\"timeline-image\" style=\"background-image:url(https:\/\/case-bertolli.mpbr.dev\/wp-content\/uploads\/Our_Story_1945.jpg)\"><\/div><span>1945<\/span><div class=\"timeline-content\"><p class=\"timeline-text\">Bertolli a acquis un statut consid\u00e9rable et pour stimuler la croissance et l'image de Bertolli, la marque investissait dans la publicit\u00e9 \u2013 une approche rare en Italie \u00e0 l'\u00e9poque. Les Italiens aiment se rem\u00e9morer les premi\u00e8res publicit\u00e9s et les spots t\u00e9l\u00e9vis\u00e9s de Bertolli o\u00f9 sont apparus les personnages d\u2019Olivella et de Maria Rosa.<\/p><\/div><\/div> <div class=\"timeline-item\" uk-parallax=\"opacity: 0,0,1,1,1,1,1; y:160,0,0,0,0; viewport:.65;\"><div class=\"timeline-image\" style=\"background-image:url(https:\/\/case-bertolli.mpbr.dev\/wp-content\/uploads\/Our_Story_1950.jpg)\"><\/div><span>1950-1960<\/span><div class=\"timeline-content\"><p class=\"timeline-text\">Entre 1950 et 1960, la soci\u00e9t\u00e9 Bertolli f\u00fbt la premi\u00e8re dans l\u2019histoire de l\u2019huile d\u2019olive \u00e0 imprimer de l\u2019information concernant les produits alimentaires sur ses \u00e9tiquettes et d\u2019informer ses consommateurs des importants bienfaits de l'huile d'olive sur la sant\u00e9. Elle a \u00e9galement \u00e9t\u00e9 la premi\u00e8re \u00e0 introduire diff\u00e9rents types et diff\u00e9rentes saveurs d'huile d'olive tel que l'huile d'olive extra-l\u00e9g\u00e8re, afin de satisfaire les besoins des consommateurs Am\u00e9ricains qui cherchaient une huile de cuisson satur\u00e9e douce et facile \u00e0 utiliser.<\/p><\/div><\/div> <div class=\"timeline-item alt\" uk-parallax=\"opacity: 0,0,1,1,1,1,1; y:160,0,0,0,0; viewport:.65;\"><div class=\"timeline-image\" style=\"background-image:url(https:\/\/case-bertolli.mpbr.dev\/wp-content\/uploads\/Our_Story_1999.jpg)\"><\/div><span>1999<\/span><div class=\"timeline-content\"><p class=\"timeline-text\">En 1999, Bertolli \u00e9largit ses exportations d\u2019huile d\u2019olive de 23 \u00e0 plus de 40 pays, et la marque devint leader du march\u00e9 dans bon nombre de pays.<\/p><\/div><\/div> <div class=\"timeline-item alt\" uk-parallax=\"opacity: 0,0,1,1,1,1,1; y:160,0,0,0,0; viewport:.65;\"><div class=\"timeline-image\" style=\"background-image:url(https:\/\/case-bertolli.mpbr.dev\/wp-content\/uploads\/Bertolli-Fiat-500-Toscane-1024x768.png)\"><\/div><span>2013<\/span><div class=\"timeline-content\"><p class=\"timeline-text\">En 2013, Bertolli est une marque internationale qui offre une large gamme de produits tels que sauces pour p\u00e2tes, kits repas et huile d\u2019olive. Malgr\u00e9 cette croissance, l\u2019amour pour la savoureuse cuisine Italienne n\u2019a jamais disparu.<\/p><\/div><\/div> <div class=\"timeline-item alt\" uk-parallax=\"opacity: 0,0,1,1,1,1,1; y:160,0,0,0,0; viewport:.65;\"><div class=\"timeline-image\" style=\"background-image:url(https:\/\/case-bertolli.mpbr.dev\/wp-content\/uploads\/Our_Story_150_Years_-2015.png)\"><\/div><span>2015<\/span><div class=\"timeline-content\"><p class=\"timeline-text\">Bertolli c\u00e9l\u00e8bre ses 150 ans d\u2019existence en lan\u00e7ant des produits en s\u00e9ries limit\u00e9es sp\u00e9ciales.<\/p><\/div><\/div> <div class=\"timeline-item alt\" uk-parallax=\"opacity: 0,0,1,1,1,1,1; y:160,0,0,0,0; viewport:.65;\"><div class=\"timeline-image\" style=\"background-image:url(https:\/\/case-bertolli.mpbr.dev\/wp-content\/uploads\/BertolliTafel_Fabio_HighRes_Still-1-1024x576.jpg)\"><\/div><span>Aujourd\u2019hui<\/span><div class=\"timeline-content\"><p class=\"timeline-text\">Nous n\u2019utilisons toujours que les meilleurs ingr\u00e9dients, pour les saveurs pures de nos produits, pr\u00e9par\u00e9s selon les plus savoureuses recettes Italiennes.<br \/>\nVous pouvez toujours vous fier \u00e0 Bertolli pour mettre en un rien de temps un d\u00e9licieux plat Italien sur table et ainsi faire entrer un petit bout de l\u2019Italie chez vous, o\u00f9 que vous soyez dans le monde !<\/p><\/div><\/div> <\/div>[\/vc_column][\/vc_row][vc_row type=\u00a0\u00bbin_container\u00a0\u00bb full_screen_row_position=\u00a0\u00bbmiddle\u00a0\u00bb column_margin=\u00a0\u00bbdefault\u00a0\u00bb column_direction=\u00a0\u00bbdefault\u00a0\u00bb column_direction_tablet=\u00a0\u00bbdefault\u00a0\u00bb column_direction_phone=\u00a0\u00bbdefault\u00a0\u00bb scene_position=\u00a0\u00bbcenter\u00a0\u00bb text_color=\u00a0\u00bbdark\u00a0\u00bb text_align=\u00a0\u00bbleft\u00a0\u00bb row_border_radius=\u00a0\u00bbnone\u00a0\u00bb row_border_radius_applies=\u00a0\u00bbbg\u00a0\u00bb overlay_strength=\u00a0\u00bb0.3&Prime; gradient_direction=\u00a0\u00bbleft_to_right\u00a0\u00bb shape_divider_position=\u00a0\u00bbbottom\u00a0\u00bb bg_image_animation=\u00a0\u00bbnone\u00a0\u00bb][vc_column column_padding=\u00a0\u00bbno-extra-padding\u00a0\u00bb column_padding_tablet=\u00a0\u00bbinherit\u00a0\u00bb column_padding_phone=\u00a0\u00bbinherit\u00a0\u00bb column_padding_position=\u00a0\u00bball\u00a0\u00bb background_color_opacity=\u00a0\u00bb1&Prime; background_hover_color_opacity=\u00a0\u00bb1&Prime; column_shadow=\u00a0\u00bbnone\u00a0\u00bb column_border_radius=\u00a0\u00bbnone\u00a0\u00bb column_link_target=\u00a0\u00bb_self\u00a0\u00bb gradient_direction=\u00a0\u00bbleft_to_right\u00a0\u00bb overlay_strength=\u00a0\u00bb0.3&Prime; width=\u00a0\u00bb1\/1&Prime; tablet_width_inherit=\u00a0\u00bbdefault\u00a0\u00bb tablet_text_alignment=\u00a0\u00bbdefault\u00a0\u00bb phone_text_alignment=\u00a0\u00bbdefault\u00a0\u00bb column_border_width=\u00a0\u00bbnone\u00a0\u00bb column_border_style=\u00a0\u00bbsolid\u00a0\u00bb bg_image_animation=\u00a0\u00bbnone\u00a0\u00bb][divider line_type=\u00a0\u00bbNo Line\u00a0\u00bb custom_height=\u00a0\u00bb100&Prime;][\/vc_column][\/vc_row]\n","protected":false},"excerpt":{"rendered":"<p>[vc_row type=\u00a0\u00bbfull_width_content\u00a0\u00bb full_screen_row_position=\u00a0\u00bbmiddle\u00a0\u00bb column_margin=\u00a0\u00bbdefault\u00a0\u00bb column_direction=\u00a0\u00bbdefault\u00a0\u00bb column_direction_tablet=\u00a0\u00bbdefault\u00a0\u00bb column_direction_phone=\u00a0\u00bbdefault\u00a0\u00bb bg_color=\u00a0\u00bb#fbf2e7&Prime; scene_position=\u00a0\u00bbcenter\u00a0\u00bb top_padding=\u00a0\u00bb100&Prime; text_color=\u00a0\u00bbdark\u00a0\u00bb text_align=\u00a0\u00bbleft\u00a0\u00bb row_border_radius=\u00a0\u00bbnone\u00a0\u00bb row_border_radius_applies=\u00a0\u00bbbg\u00a0\u00bb overlay_strength=\u00a0\u00bb0.3&Prime; gradient_direction=\u00a0\u00bbleft_to_right\u00a0\u00bb shape_divider_position=\u00a0\u00bbbottom\u00a0\u00bb bg_image_animation=\u00a0\u00bbnone\u00a0\u00bb shape_type=\u00a0\u00bb\u00a0\u00bb][vc_column column_padding=\u00a0\u00bbno-extra-padding\u00a0\u00bb column_padding_tablet=\u00a0\u00bbinherit\u00a0\u00bb column_padding_phone=\u00a0\u00bbinherit\u00a0\u00bb column_padding_position=\u00a0\u00bball\u00a0\u00bb background_color_opacity=\u00a0\u00bb1&Prime; background_hover_color_opacity=\u00a0\u00bb1&Prime; column_shadow=\u00a0\u00bbnone\u00a0\u00bb column_border_radius=\u00a0\u00bbnone\u00a0\u00bb column_link_target=\u00a0\u00bb_self\u00a0\u00bb gradient_direction=\u00a0\u00bbleft_to_right\u00a0\u00bb overlay_strength=\u00a0\u00bb0.3&Prime;&#8230;<\/p>\n","protected":false},"author":6,"featured_media":0,"parent":0,"menu_order":49,"comment_status":"closed","ping_status":"closed","template":"","meta":{"inline_featured_image":false,"footnotes":""},"class_list":["post-1850","page","type-page","status-publish"],"_links":{"self":[{"href":"https:\/\/case-bertolli.mpbr.dev\/fr_be\/wp-json\/wp\/v2\/pages\/1850","targetHints":{"allow":["GET"]}}],"collection":[{"href":"https:\/\/case-bertolli.mpbr.dev\/fr_be\/wp-json\/wp\/v2\/pages"}],"about":[{"href":"https:\/\/case-bertolli.mpbr.dev\/fr_be\/wp-json\/wp\/v2\/types\/page"}],"author":[{"embeddable":true,"href":"https:\/\/case-bertolli.mpbr.dev\/fr_be\/wp-json\/wp\/v2\/users\/6"}],"replies":[{"embeddable":true,"href":"https:\/\/case-bertolli.mpbr.dev\/fr_be\/wp-json\/wp\/v2\/comments?post=1850"}],"version-history":[{"count":3,"href":"https:\/\/case-bertolli.mpbr.dev\/fr_be\/wp-json\/wp\/v2\/pages\/1850\/revisions"}],"predecessor-version":[{"id":5478,"href":"https:\/\/case-bertolli.mpbr.dev\/fr_be\/wp-json\/wp\/v2\/pages\/1850\/revisions\/5478"}],"wp:attachment":[{"href":"https:\/\/case-bertolli.mpbr.dev\/fr_be\/wp-json\/wp\/v2\/media?parent=1850"}],"curies":[{"name":"wp","href":"https:\/\/api.w.org\/{rel}","templated":true}]}}