{"id":1918,"date":"2021-08-11T13:51:25","date_gmt":"2021-08-11T13:51:25","guid":{"rendered":"https:\/\/case-bertolli.mpbr.dev\/contact\/"},"modified":"2023-01-17T15:54:55","modified_gmt":"2023-01-17T14:54:55","slug":"contact","status":"publish","type":"page","link":"https:\/\/case-bertolli.mpbr.dev\/fr_be\/contact\/","title":{"rendered":"Contact"},"content":{"rendered":"[vc_row type=\u00a0\u00bbfull_width_content\u00a0\u00bb full_screen_row_position=\u00a0\u00bbmiddle\u00a0\u00bb column_margin=\u00a0\u00bbdefault\u00a0\u00bb column_direction=\u00a0\u00bbdefault\u00a0\u00bb column_direction_tablet=\u00a0\u00bbdefault\u00a0\u00bb column_direction_phone=\u00a0\u00bbdefault\u00a0\u00bb bg_color=\u00a0\u00bb#fdf2e4&Prime; scene_position=\u00a0\u00bbcenter\u00a0\u00bb top_padding=\u00a0\u00bb300&Prime; text_color=\u00a0\u00bbdark\u00a0\u00bb text_align=\u00a0\u00bbleft\u00a0\u00bb row_border_radius=\u00a0\u00bbnone\u00a0\u00bb row_border_radius_applies=\u00a0\u00bbbg\u00a0\u00bb class=\u00a0\u00bbheader-subpage-achtergrond\u00a0\u00bb overlay_strength=\u00a0\u00bb0.3&Prime; gradient_direction=\u00a0\u00bbleft_to_right\u00a0\u00bb shape_divider_position=\u00a0\u00bbbottom\u00a0\u00bb bg_image_animation=\u00a0\u00bbnone\u00a0\u00bb shape_type=\u00a0\u00bb\u00a0\u00bb][vc_column column_padding=\u00a0\u00bbno-extra-padding\u00a0\u00bb column_padding_tablet=\u00a0\u00bbinherit\u00a0\u00bb column_padding_phone=\u00a0\u00bbinherit\u00a0\u00bb column_padding_position=\u00a0\u00bball\u00a0\u00bb background_color_opacity=\u00a0\u00bb1&Prime; background_hover_color_opacity=\u00a0\u00bb1&Prime; column_shadow=\u00a0\u00bbnone\u00a0\u00bb column_border_radius=\u00a0\u00bbnone\u00a0\u00bb column_link_target=\u00a0\u00bb_self\u00a0\u00bb gradient_direction=\u00a0\u00bbleft_to_right\u00a0\u00bb overlay_strength=\u00a0\u00bb0.3&Prime; width=\u00a0\u00bb1\/1&Prime; tablet_width_inherit=\u00a0\u00bbdefault\u00a0\u00bb tablet_text_alignment=\u00a0\u00bbdefault\u00a0\u00bb phone_text_alignment=\u00a0\u00bbdefault\u00a0\u00bb column_border_width=\u00a0\u00bbnone\u00a0\u00bb column_border_style=\u00a0\u00bbsolid\u00a0\u00bb bg_image_animation=\u00a0\u00bbnone\u00a0\u00bb][vc_raw_html]JTNDZGl2JTIwY2xhc3MlM0QlMjJkdWJiZWxlLWxpam4lMjIlM0UlM0MlMkZkaXYlM0UlMEElM0NkaXYlMjBjbGFzcyUzRCUyMnJ1aXRlbi16d2FydCUyMiUzRSUzQyUyRmRpdiUzRQ==[\/vc_raw_html][\/vc_column][\/vc_row][vc_row type=\u00a0\u00bbin_container\u00a0\u00bb full_screen_row_position=\u00a0\u00bbmiddle\u00a0\u00bb column_margin=\u00a0\u00bbdefault\u00a0\u00bb column_direction=\u00a0\u00bbdefault\u00a0\u00bb column_direction_tablet=\u00a0\u00bbdefault\u00a0\u00bb column_direction_phone=\u00a0\u00bbdefault\u00a0\u00bb bg_image=\u00a0\u00bb1307&Prime; bg_position=\u00a0\u00bbcenter center\u00a0\u00bb bg_repeat=\u00a0\u00bbno-repeat\u00a0\u00bb scene_position=\u00a0\u00bbcenter\u00a0\u00bb top_padding=\u00a0\u00bb130&Prime; bottom_padding=\u00a0\u00bb130&Prime; text_color=\u00a0\u00bbdark\u00a0\u00bb text_align=\u00a0\u00bbleft\u00a0\u00bb row_border_radius=\u00a0\u00bbnone\u00a0\u00bb row_border_radius_applies=\u00a0\u00bbbg\u00a0\u00bb class=\u00a0\u00bbheader-subpage\u00a0\u00bb overlay_strength=\u00a0\u00bb0.3&Prime; gradient_direction=\u00a0\u00bbleft_to_right\u00a0\u00bb shape_divider_position=\u00a0\u00bbbottom\u00a0\u00bb bg_image_animation=\u00a0\u00bbnone\u00a0\u00bb shape_type=\u00a0\u00bb\u00a0\u00bb][vc_column column_padding=\u00a0\u00bbno-extra-padding\u00a0\u00bb column_padding_tablet=\u00a0\u00bbinherit\u00a0\u00bb column_padding_phone=\u00a0\u00bbinherit\u00a0\u00bb column_padding_position=\u00a0\u00bball\u00a0\u00bb background_color_opacity=\u00a0\u00bb1&Prime; background_hover_color_opacity=\u00a0\u00bb1&Prime; column_shadow=\u00a0\u00bbnone\u00a0\u00bb column_border_radius=\u00a0\u00bbnone\u00a0\u00bb column_link_target=\u00a0\u00bb_self\u00a0\u00bb gradient_direction=\u00a0\u00bbleft_to_right\u00a0\u00bb overlay_strength=\u00a0\u00bb0.3&Prime; width=\u00a0\u00bb1\/1&Prime; tablet_width_inherit=\u00a0\u00bbdefault\u00a0\u00bb tablet_text_alignment=\u00a0\u00bbdefault\u00a0\u00bb phone_text_alignment=\u00a0\u00bbdefault\u00a0\u00bb column_border_width=\u00a0\u00bbnone\u00a0\u00bb column_border_style=\u00a0\u00bbsolid\u00a0\u00bb bg_image_animation=\u00a0\u00bbnone\u00a0\u00bb][vc_column_text el_class=\u00a0\u00bbcolor-white\u00a0\u00bb]\n<h1 style=\"text-align: center;\">Contactez-nous<\/h1>\n[\/vc_column_text][image_with_animation image_url=\u00a0\u00bb328&Prime; animation=\u00a0\u00bbFade In\u00a0\u00bb hover_animation=\u00a0\u00bbnone\u00a0\u00bb alignment=\u00a0\u00bb\u00a0\u00bb border_radius=\u00a0\u00bbnone\u00a0\u00bb box_shadow=\u00a0\u00bbnone\u00a0\u00bb image_loading=\u00a0\u00bbdefault\u00a0\u00bb max_width=\u00a0\u00bb100%\u00a0\u00bb max_width_mobile=\u00a0\u00bbdefault\u00a0\u00bb el_class=\u00a0\u00bbrode-stempel\u00a0\u00bb][\/vc_column][\/vc_row][vc_row type=\u00a0\u00bbin_container\u00a0\u00bb full_screen_row_position=\u00a0\u00bbmiddle\u00a0\u00bb column_margin=\u00a0\u00bbdefault\u00a0\u00bb column_direction=\u00a0\u00bbdefault\u00a0\u00bb column_direction_tablet=\u00a0\u00bbdefault\u00a0\u00bb column_direction_phone=\u00a0\u00bbdefault\u00a0\u00bb scene_position=\u00a0\u00bbcenter\u00a0\u00bb top_padding=\u00a0\u00bb90&Prime; constrain_group_1=\u00a0\u00bbyes\u00a0\u00bb bottom_padding=\u00a0\u00bb90&Prime; text_color=\u00a0\u00bbdark\u00a0\u00bb text_align=\u00a0\u00bbleft\u00a0\u00bb row_border_radius=\u00a0\u00bbnone\u00a0\u00bb row_border_radius_applies=\u00a0\u00bbbg\u00a0\u00bb overlay_strength=\u00a0\u00bb0.3&Prime; gradient_direction=\u00a0\u00bbleft_to_right\u00a0\u00bb shape_divider_position=\u00a0\u00bbbottom\u00a0\u00bb bg_image_animation=\u00a0\u00bbnone\u00a0\u00bb shape_type=\u00a0\u00bb\u00a0\u00bb][vc_column column_padding=\u00a0\u00bbno-extra-padding\u00a0\u00bb column_padding_tablet=\u00a0\u00bbinherit\u00a0\u00bb column_padding_phone=\u00a0\u00bbinherit\u00a0\u00bb column_padding_position=\u00a0\u00bball\u00a0\u00bb background_color_opacity=\u00a0\u00bb1&Prime; background_hover_color_opacity=\u00a0\u00bb1&Prime; column_shadow=\u00a0\u00bbnone\u00a0\u00bb column_border_radius=\u00a0\u00bbnone\u00a0\u00bb column_link_target=\u00a0\u00bb_self\u00a0\u00bb gradient_direction=\u00a0\u00bbleft_to_right\u00a0\u00bb overlay_strength=\u00a0\u00bb0.3&Prime; width=\u00a0\u00bb1\/1&Prime; tablet_width_inherit=\u00a0\u00bbdefault\u00a0\u00bb tablet_text_alignment=\u00a0\u00bbdefault\u00a0\u00bb phone_text_alignment=\u00a0\u00bbdefault\u00a0\u00bb column_border_width=\u00a0\u00bbnone\u00a0\u00bb column_border_style=\u00a0\u00bbsolid\u00a0\u00bb bg_image_animation=\u00a0\u00bbnone\u00a0\u00bb][vc_raw_html]JTNDZGl2JTIwY2xhc3MlM0QlMjJ3YXRlcm1lcmslMjIlM0UlM0MlMkZkaXYlM0U=[\/vc_raw_html][vc_row_inner column_margin=\u00a0\u00bbdefault\u00a0\u00bb column_direction=\u00a0\u00bbdefault\u00a0\u00bb column_direction_tablet=\u00a0\u00bbdefault\u00a0\u00bb column_direction_phone=\u00a0\u00bbdefault\u00a0\u00bb text_align=\u00a0\u00bbleft\u00a0\u00bb][vc_column_inner column_padding=\u00a0\u00bbpadding-5-percent\u00a0\u00bb column_padding_tablet=\u00a0\u00bbinherit\u00a0\u00bb column_padding_phone=\u00a0\u00bbno-extra-padding\u00a0\u00bb column_padding_position=\u00a0\u00bbright\u00a0\u00bb background_color_opacity=\u00a0\u00bb1&Prime; background_hover_color_opacity=\u00a0\u00bb1&Prime; column_shadow=\u00a0\u00bbnone\u00a0\u00bb column_border_radius=\u00a0\u00bbnone\u00a0\u00bb column_link_target=\u00a0\u00bb_self\u00a0\u00bb gradient_direction=\u00a0\u00bbleft_to_right\u00a0\u00bb overlay_strength=\u00a0\u00bb0.3&Prime; width=\u00a0\u00bb1\/2&Prime; tablet_width_inherit=\u00a0\u00bbdefault\u00a0\u00bb column_border_width=\u00a0\u00bbnone\u00a0\u00bb column_border_style=\u00a0\u00bbsolid\u00a0\u00bb bg_image_animation=\u00a0\u00bbnone\u00a0\u00bb][vc_column_text]Vous avez une question, un commentaire, une tr\u00e8s bonne id\u00e9e ou une r\u00e9clamation ?<br \/>\nMerci de nous en informer ! Contactez-nous via ce formulaire.<\/p>\n<p>Jetez un coup d\u2019\u0153il sur nos questions fr\u00e9quemment pos\u00e9es ci-dessous \u2013 peut-\u00eatre avons-nous d\u00e9j\u00e0 r\u00e9pondu \u00e0 votre question[\/vc_column_text][mpbr_btn size=\u00a0\u00bbmedium\u00a0\u00bb button_style=\u00a0\u00bbregular\u00a0\u00bb button_color_2=\u00a0\u00bbAccent-Color\u00a0\u00bb icon_family=\u00a0\u00bbnone\u00a0\u00bb el_class=\u00a0\u00bbcustom-button klein\u00a0\u00bb text=\u00a0\u00bbVoir les FAQ\u00a0\u00bb url=\u00a0\u00bb#faq\u00a0\u00bb][\/vc_column_inner][vc_column_inner column_padding=\u00a0\u00bbpadding-10-percent\u00a0\u00bb column_padding_tablet=\u00a0\u00bbinherit\u00a0\u00bb column_padding_phone=\u00a0\u00bbno-extra-padding\u00a0\u00bb column_padding_position=\u00a0\u00bbright\u00a0\u00bb background_color_opacity=\u00a0\u00bb1&Prime; background_hover_color_opacity=\u00a0\u00bb1&Prime; column_shadow=\u00a0\u00bbnone\u00a0\u00bb column_border_radius=\u00a0\u00bbnone\u00a0\u00bb column_link_target=\u00a0\u00bb_self\u00a0\u00bb gradient_direction=\u00a0\u00bbleft_to_right\u00a0\u00bb overlay_strength=\u00a0\u00bb0.3&Prime; width=\u00a0\u00bb1\/2&Prime; tablet_width_inherit=\u00a0\u00bbdefault\u00a0\u00bb column_border_width=\u00a0\u00bbnone\u00a0\u00bb column_border_style=\u00a0\u00bbsolid\u00a0\u00bb bg_image_animation=\u00a0\u00bbnone\u00a0\u00bb]\n<div class=\"wpcf7 no-js\" id=\"wpcf7-f1923-o1\" lang=\"nl-NL\" dir=\"ltr\" data-wpcf7-id=\"1923\">\n<div class=\"screen-reader-response\"><p role=\"status\" aria-live=\"polite\" aria-atomic=\"true\"><\/p> <ul><\/ul><\/div>\n<form action=\"\/fr_be\/wp-json\/wp\/v2\/pages\/1918#wpcf7-f1923-o1\" method=\"post\" class=\"wpcf7-form init\" aria-label=\"Contactformulier\" novalidate=\"novalidate\" data-status=\"init\">\n<fieldset class=\"hidden-fields-container\"><input type=\"hidden\" name=\"_wpcf7\" value=\"1923\" \/><input type=\"hidden\" name=\"_wpcf7_version\" value=\"6.1.5\" \/><input type=\"hidden\" name=\"_wpcf7_locale\" value=\"nl_NL\" \/><input type=\"hidden\" name=\"_wpcf7_unit_tag\" value=\"wpcf7-f1923-o1\" \/><input type=\"hidden\" name=\"_wpcf7_container_post\" value=\"0\" \/><input type=\"hidden\" name=\"_wpcf7_posted_data_hash\" value=\"\" \/><input type=\"hidden\" name=\"_wpcf7_recaptcha_response\" value=\"\" \/>\n<\/fieldset>\n<p><span class=\"wpcf7-form-control-wrap\" data-name=\"your-name\"><input size=\"40\" maxlength=\"400\" class=\"wpcf7-form-control wpcf7-text wpcf7-validates-as-required\" aria-required=\"true\" aria-invalid=\"false\" placeholder=\"Nom\" value=\"\" type=\"text\" name=\"your-name\" \/><\/span><span class=\"wpcf7-form-control-wrap\" data-name=\"your-email\"><input size=\"40\" maxlength=\"400\" class=\"wpcf7-form-control wpcf7-email wpcf7-validates-as-required wpcf7-text wpcf7-validates-as-email\" aria-required=\"true\" aria-invalid=\"false\" placeholder=\"Adresse e-mail\" value=\"\" type=\"email\" name=\"your-email\" \/><\/span><span class=\"wpcf7-form-control-wrap\" data-name=\"menu-853\"><select class=\"wpcf7-form-control wpcf7-select wpcf7-validates-as-required\" aria-required=\"true\" aria-invalid=\"false\" name=\"menu-853\"><option value=\"J\u2019ai une question \u00e0 poser\">J\u2019ai une question \u00e0 poser<\/option><option value=\"J\u2019ai une r\u00e9clamation \u00e0 faire\">J\u2019ai une r\u00e9clamation \u00e0 faire<\/option><option value=\"J\u2019ai un compliment ou une id\u00e9e \u00e0 soumettre\">J\u2019ai un compliment ou une id\u00e9e \u00e0 soumettre<\/option><\/select><\/span><span class=\"wpcf7-form-control-wrap\" data-name=\"your-message\"><textarea cols=\"40\" rows=\"10\" maxlength=\"2000\" class=\"wpcf7-form-control wpcf7-textarea wpcf7-validates-as-required\" aria-required=\"true\" aria-invalid=\"false\" placeholder=\"Tapez votre message ici\" name=\"your-message\"><\/textarea><\/span><br \/>\n<input class=\"wpcf7-form-control wpcf7-submit has-spinner\" type=\"submit\" value=\"Envoyer\" \/>\n<\/p><div class=\"wpcf7-response-output\" aria-hidden=\"true\"><\/div>\n<\/form>\n<\/div>\n[\/vc_column_inner][\/vc_row_inner][\/vc_column][\/vc_row][vc_row type=\u00a0\u00bbfull_width_background\u00a0\u00bb full_screen_row_position=\u00a0\u00bbmiddle\u00a0\u00bb column_margin=\u00a0\u00bbdefault\u00a0\u00bb column_direction=\u00a0\u00bbdefault\u00a0\u00bb column_direction_tablet=\u00a0\u00bbdefault\u00a0\u00bb column_direction_phone=\u00a0\u00bbdefault\u00a0\u00bb bg_color=\u00a0\u00bb#f4b2a1&Prime; scene_position=\u00a0\u00bbcenter\u00a0\u00bb top_padding=\u00a0\u00bb90&Prime; bottom_padding=\u00a0\u00bb90&Prime; text_color=\u00a0\u00bbdark\u00a0\u00bb text_align=\u00a0\u00bbleft\u00a0\u00bb row_border_radius=\u00a0\u00bbnone\u00a0\u00bb row_border_radius_applies=\u00a0\u00bbbg\u00a0\u00bb class=\u00a0\u00bbruiten-boven roze dubbele-lijn-background watermark-background\u00a0\u00bb id=\u00a0\u00bbfaq\u00a0\u00bb overlay_strength=\u00a0\u00bb0.3&Prime; gradient_direction=\u00a0\u00bbleft_to_right\u00a0\u00bb shape_divider_position=\u00a0\u00bbbottom\u00a0\u00bb bg_image_animation=\u00a0\u00bbnone\u00a0\u00bb shape_type=\u00a0\u00bb\u00a0\u00bb][vc_column column_padding=\u00a0\u00bbno-extra-padding\u00a0\u00bb column_padding_tablet=\u00a0\u00bbinherit\u00a0\u00bb column_padding_phone=\u00a0\u00bbinherit\u00a0\u00bb column_padding_position=\u00a0\u00bball\u00a0\u00bb background_color_opacity=\u00a0\u00bb1&Prime; background_hover_color_opacity=\u00a0\u00bb1&Prime; column_shadow=\u00a0\u00bbnone\u00a0\u00bb column_border_radius=\u00a0\u00bbnone\u00a0\u00bb column_link_target=\u00a0\u00bb_self\u00a0\u00bb gradient_direction=\u00a0\u00bbleft_to_right\u00a0\u00bb overlay_strength=\u00a0\u00bb0.3&Prime; width=\u00a0\u00bb1\/1&Prime; tablet_width_inherit=\u00a0\u00bbdefault\u00a0\u00bb tablet_text_alignment=\u00a0\u00bbdefault\u00a0\u00bb phone_text_alignment=\u00a0\u00bbdefault\u00a0\u00bb column_border_width=\u00a0\u00bbnone\u00a0\u00bb column_border_style=\u00a0\u00bbsolid\u00a0\u00bb bg_image_animation=\u00a0\u00bbnone\u00a0\u00bb][vc_column_text el_class=\u00a0\u00bbkomua color-white\u00a0\u00bb]\n<h2 style=\"text-align: center;\">Questions fr\u00e9quemment pos\u00e9es<\/h2>\n[\/vc_column_text][toggles style=\u00a0\u00bbminimal\u00a0\u00bb accordion=\u00a0\u00bbtrue\u00a0\u00bb][toggle color=\u00a0\u00bbDefault\u00a0\u00bb title=\u00a0\u00bbO\u00d9 PUIS-JE TROUVER UNE LISTE DE PRODUITS SANS ALLERG\u00c8NES ?\u00a0\u00bb][vc_column_text]Nous n&rsquo;avons malheureusement pas de liste de produits exempts d&rsquo;un allerg\u00e8ne particulier, car cette liste pourrait tr\u00e8s vite devenir obsol\u00e8te. Pour plus d\u2019informations sur les allerg\u00e8nes, nous nous r\u00e9f\u00e9rons \u00e0 nos emballages. Lorsqu&rsquo;un des 14 allerg\u00e8nes qui doit obligatoirement \u00eatre mentionn\u00e9, est utilis\u00e9 comme ingr\u00e9dient dans le produit, cela doit \u00eatre indiqu\u00e9 dans la d\u00e9claration des ingr\u00e9dients sur l&#8217;emballage. Les ingr\u00e9dients allerg\u00e8nes suivants doivent obligatoirement \u00eatre signal\u00e9s sur l\u2019emballage : c\u00e9r\u00e9ales contenant du gluten, \u0153uf de poule, poisson, arachides, noix, soja, lait (y compris le lactose), crustac\u00e9s, mollusques, c\u00e9leri, moutarde, graines de s\u00e9same, sulfites et lupin. Bertolli choisit \u00e9galement de mentionner les traces de ces 14 allerg\u00e8nes s&rsquo;ils sont ou peuvent \u00eatre pr\u00e9sents dans un produit. Nous utilisons \u00e0 cet effet la formule suivante : \u00ab peut contenir des traces de \u2026 \u00bb. Si l&rsquo;allerg\u00e8ne n&rsquo;est pas indiqu\u00e9 sur l&#8217;emballage, cela signifie que cet allerg\u00e8ne n&rsquo;est pas pr\u00e9sent dans le produit en question.[\/vc_column_text][\/toggle][toggle color=\u00a0\u00bbDefault\u00a0\u00bb title=\u00a0\u00bbPOURQUOI LES ALLERG\u00c8NES SONT-ILS MENTIONN\u00c9S SUR UN EMBALLAGE ?\u00a0\u00bb][vc_column_text]L&rsquo;allerg\u00e9nicit\u00e9 est r\u00e9glement\u00e9e par la l\u00e9gislation europ\u00e9enne. L\u2019\u00eatre humain est notamment allergique aux prot\u00e9ines. L&rsquo;UE a \u00e9tabli quels allerg\u00e8nes doivent \u00eatre explicitement mentionn\u00e9s sur l&#8217;emballage, car ils peuvent provoquer de tr\u00e8s graves r\u00e9actions chez l\u2019\u00eatre humain.<\/p>\n<p><u><b>Les produits Bertolli contiennent-il des ingr\u00e9dients cach\u00e9s ?<br \/>\n<\/b><\/u>Tous les ingr\u00e9dients que nous utilisons sont mentionn\u00e9s sur l&#8217;emballage. Si des herbes et\/ou \u00e9pices sont mentionn\u00e9es, ce sont alors toujours de vraies herbes ou \u00e9pices. Que nous voulons bien garder secret\u2026. Mais il n\u2019y a jamais d&rsquo;ar\u00f4mes ou d&rsquo;exhausteurs de go\u00fbt sous cette d\u00e9nomination.[\/vc_column_text][\/toggle][toggle color=\u00a0\u00bbDefault\u00a0\u00bb title=\u00a0\u00bbPEUT-ON ENCORE UTILISER UN PRODUIT BERTOLLI AVEC UNE DATE DE P\u00c9REMPTION EXPIR\u00c9E ?\u00a0\u00bb][vc_column_text]Les produits Bertolli r\u00e9pondent \u00e0 nos strictes normes de qualit\u00e9 jusqu&rsquo;\u00e0 la date de p\u00e9remption. Apr\u00e8s cette date, nous ne pouvons plus garantir la qualit\u00e9 du produit.[\/vc_column_text][\/toggle][toggle color=\u00a0\u00bbDefault\u00a0\u00bb title=\u00a0\u00bbJe ne trouve pas le produit X dans mon supermarch\u00e9. Que faire ?\u00a0\u00bb][vc_column_text]Votre supermarch\u00e9 habituel ne vend pas encore le produit Bertolli que vous recherchez ? Demandez au comptoir de service ou au si\u00e8ge social de la cha\u00eene de supermarch\u00e9s s&rsquo;ils peuvent faire quelque chose pour vous. En g\u00e9n\u00e9ral, il est pr\u00e9f\u00e9rable de contacter le si\u00e8ge social par e-mail. Vous trouverez l&rsquo;adresse sur le site Web de la cha\u00eene en question. Bertolli approvisionne presque tous les supermarch\u00e9s du pays et devrait pouvoir fournir votre supermarch\u00e9.[\/vc_column_text][\/toggle][toggle color=\u00a0\u00bbDefault\u00a0\u00bb title=\u00a0\u00bbQUELS PRODUITS BERTOLLI SONT V\u00c9G\u00c9TARIENS OU V\u00c9G\u00c9TALIENS ?\u00a0\u00bb][vc_column_text]Pour la liste de tous les produits v\u00e9g\u00e9tariens et v\u00e9g\u00e9taliens, veuillez consulter la page des produits.[\/vc_column_text][\/toggle][\/toggles][vc_column_text el_class=\u00a0\u00bbcolor-white\u00a0\u00bb]Pour toute autre question, r\u00e9clamation ou compliment, n&rsquo;h\u00e9sitez pas \u00e0 nous contacter. Compl\u00e9tez le formulaire de contact et nous vous r\u00e9pondrons dans les plus brefs d\u00e9lais.[\/vc_column_text][\/vc_column][\/vc_row]\n","protected":false},"excerpt":{"rendered":"<p>[vc_row type=\u00a0\u00bbfull_width_content\u00a0\u00bb full_screen_row_position=\u00a0\u00bbmiddle\u00a0\u00bb column_margin=\u00a0\u00bbdefault\u00a0\u00bb column_direction=\u00a0\u00bbdefault\u00a0\u00bb column_direction_tablet=\u00a0\u00bbdefault\u00a0\u00bb column_direction_phone=\u00a0\u00bbdefault\u00a0\u00bb bg_color=\u00a0\u00bb#fdf2e4&Prime; scene_position=\u00a0\u00bbcenter\u00a0\u00bb top_padding=\u00a0\u00bb300&Prime; text_color=\u00a0\u00bbdark\u00a0\u00bb text_align=\u00a0\u00bbleft\u00a0\u00bb row_border_radius=\u00a0\u00bbnone\u00a0\u00bb row_border_radius_applies=\u00a0\u00bbbg\u00a0\u00bb class=\u00a0\u00bbheader-subpage-achtergrond\u00a0\u00bb overlay_strength=\u00a0\u00bb0.3&Prime; gradient_direction=\u00a0\u00bbleft_to_right\u00a0\u00bb shape_divider_position=\u00a0\u00bbbottom\u00a0\u00bb bg_image_animation=\u00a0\u00bbnone\u00a0\u00bb shape_type=\u00a0\u00bb\u00a0\u00bb][vc_column column_padding=\u00a0\u00bbno-extra-padding\u00a0\u00bb column_padding_tablet=\u00a0\u00bbinherit\u00a0\u00bb column_padding_phone=\u00a0\u00bbinherit\u00a0\u00bb column_padding_position=\u00a0\u00bball\u00a0\u00bb background_color_opacity=\u00a0\u00bb1&Prime; background_hover_color_opacity=\u00a0\u00bb1&Prime; column_shadow=\u00a0\u00bbnone\u00a0\u00bb column_border_radius=\u00a0\u00bbnone\u00a0\u00bb column_link_target=\u00a0\u00bb_self\u00a0\u00bb gradient_direction=\u00a0\u00bbleft_to_right\u00a0\u00bb&#8230;<\/p>\n","protected":false},"author":6,"featured_media":0,"parent":0,"menu_order":23,"comment_status":"closed","ping_status":"closed","template":"","meta":{"inline_featured_image":false,"footnotes":""},"class_list":["post-1918","page","type-page","status-publish"],"_links":{"self":[{"href":"https:\/\/case-bertolli.mpbr.dev\/fr_be\/wp-json\/wp\/v2\/pages\/1918","targetHints":{"allow":["GET"]}}],"collection":[{"href":"https:\/\/case-bertolli.mpbr.dev\/fr_be\/wp-json\/wp\/v2\/pages"}],"about":[{"href":"https:\/\/case-bertolli.mpbr.dev\/fr_be\/wp-json\/wp\/v2\/types\/page"}],"author":[{"embeddable":true,"href":"https:\/\/case-bertolli.mpbr.dev\/fr_be\/wp-json\/wp\/v2\/users\/6"}],"replies":[{"embeddable":true,"href":"https:\/\/case-bertolli.mpbr.dev\/fr_be\/wp-json\/wp\/v2\/comments?post=1918"}],"version-history":[{"count":3,"href":"https:\/\/case-bertolli.mpbr.dev\/fr_be\/wp-json\/wp\/v2\/pages\/1918\/revisions"}],"predecessor-version":[{"id":5316,"href":"https:\/\/case-bertolli.mpbr.dev\/fr_be\/wp-json\/wp\/v2\/pages\/1918\/revisions\/5316"}],"wp:attachment":[{"href":"https:\/\/case-bertolli.mpbr.dev\/fr_be\/wp-json\/wp\/v2\/media?parent=1918"}],"curies":[{"name":"wp","href":"https:\/\/api.w.org\/{rel}","templated":true}]}}