{"id":2034,"date":"2021-08-11T13:51:25","date_gmt":"2021-08-11T13:51:25","guid":{"rendered":"https:\/\/case-bertolli.mpbr.dev\/contact\/"},"modified":"2022-06-20T08:23:56","modified_gmt":"2022-06-20T07:23:56","slug":"contact","status":"publish","type":"page","link":"https:\/\/case-bertolli.mpbr.dev\/nl_be\/contact\/","title":{"rendered":"Contact"},"content":{"rendered":"[vc_row type=&#8221;full_width_content&#8221; full_screen_row_position=&#8221;middle&#8221; column_margin=&#8221;default&#8221; column_direction=&#8221;default&#8221; column_direction_tablet=&#8221;default&#8221; column_direction_phone=&#8221;default&#8221; bg_color=&#8221;#fdf2e4&#8243; scene_position=&#8221;center&#8221; top_padding=&#8221;300&#8243; text_color=&#8221;dark&#8221; text_align=&#8221;left&#8221; row_border_radius=&#8221;none&#8221; row_border_radius_applies=&#8221;bg&#8221; class=&#8221;header-subpage-achtergrond&#8221; overlay_strength=&#8221;0.3&#8243; gradient_direction=&#8221;left_to_right&#8221; shape_divider_position=&#8221;bottom&#8221; bg_image_animation=&#8221;none&#8221; shape_type=&#8221;&#8221;][vc_column column_padding=&#8221;no-extra-padding&#8221; column_padding_tablet=&#8221;inherit&#8221; column_padding_phone=&#8221;inherit&#8221; column_padding_position=&#8221;all&#8221; background_color_opacity=&#8221;1&#8243; background_hover_color_opacity=&#8221;1&#8243; column_shadow=&#8221;none&#8221; column_border_radius=&#8221;none&#8221; column_link_target=&#8221;_self&#8221; gradient_direction=&#8221;left_to_right&#8221; overlay_strength=&#8221;0.3&#8243; width=&#8221;1\/1&#8243; tablet_width_inherit=&#8221;default&#8221; tablet_text_alignment=&#8221;default&#8221; phone_text_alignment=&#8221;default&#8221; column_border_width=&#8221;none&#8221; column_border_style=&#8221;solid&#8221; bg_image_animation=&#8221;none&#8221;][vc_raw_html]JTNDZGl2JTIwY2xhc3MlM0QlMjJkdWJiZWxlLWxpam4lMjIlM0UlM0MlMkZkaXYlM0UlMEElM0NkaXYlMjBjbGFzcyUzRCUyMnJ1aXRlbi16d2FydCUyMiUzRSUzQyUyRmRpdiUzRQ==[\/vc_raw_html][\/vc_column][\/vc_row][vc_row type=&#8221;in_container&#8221; full_screen_row_position=&#8221;middle&#8221; column_margin=&#8221;default&#8221; column_direction=&#8221;default&#8221; column_direction_tablet=&#8221;default&#8221; column_direction_phone=&#8221;default&#8221; bg_image=&#8221;1307&#8243; bg_position=&#8221;center center&#8221; bg_repeat=&#8221;no-repeat&#8221; scene_position=&#8221;center&#8221; top_padding=&#8221;130&#8243; bottom_padding=&#8221;130&#8243; text_color=&#8221;dark&#8221; text_align=&#8221;left&#8221; row_border_radius=&#8221;none&#8221; row_border_radius_applies=&#8221;bg&#8221; class=&#8221;header-subpage&#8221; overlay_strength=&#8221;0.3&#8243; gradient_direction=&#8221;left_to_right&#8221; shape_divider_position=&#8221;bottom&#8221; bg_image_animation=&#8221;none&#8221; shape_type=&#8221;&#8221;][vc_column column_padding=&#8221;no-extra-padding&#8221; column_padding_tablet=&#8221;inherit&#8221; column_padding_phone=&#8221;inherit&#8221; column_padding_position=&#8221;all&#8221; background_color_opacity=&#8221;1&#8243; background_hover_color_opacity=&#8221;1&#8243; column_shadow=&#8221;none&#8221; column_border_radius=&#8221;none&#8221; column_link_target=&#8221;_self&#8221; gradient_direction=&#8221;left_to_right&#8221; overlay_strength=&#8221;0.3&#8243; width=&#8221;1\/1&#8243; tablet_width_inherit=&#8221;default&#8221; tablet_text_alignment=&#8221;default&#8221; phone_text_alignment=&#8221;default&#8221; column_border_width=&#8221;none&#8221; column_border_style=&#8221;solid&#8221; bg_image_animation=&#8221;none&#8221;][vc_column_text el_class=&#8221;color-white&#8221;]\n<h1 style=\"text-align: center;\">Neem contact op<\/h1>\n[\/vc_column_text][image_with_animation image_url=&#8221;328&#8243; animation=&#8221;Fade In&#8221; hover_animation=&#8221;none&#8221; alignment=&#8221;&#8221; border_radius=&#8221;none&#8221; box_shadow=&#8221;none&#8221; image_loading=&#8221;default&#8221; max_width=&#8221;100%&#8221; max_width_mobile=&#8221;default&#8221; el_class=&#8221;rode-stempel&#8221;][\/vc_column][\/vc_row][vc_row type=&#8221;in_container&#8221; full_screen_row_position=&#8221;middle&#8221; column_margin=&#8221;default&#8221; column_direction=&#8221;default&#8221; column_direction_tablet=&#8221;default&#8221; column_direction_phone=&#8221;default&#8221; scene_position=&#8221;center&#8221; top_padding=&#8221;90&#8243; constrain_group_1=&#8221;yes&#8221; bottom_padding=&#8221;90&#8243; text_color=&#8221;dark&#8221; text_align=&#8221;left&#8221; row_border_radius=&#8221;none&#8221; row_border_radius_applies=&#8221;bg&#8221; overlay_strength=&#8221;0.3&#8243; gradient_direction=&#8221;left_to_right&#8221; shape_divider_position=&#8221;bottom&#8221; bg_image_animation=&#8221;none&#8221; shape_type=&#8221;&#8221;][vc_column column_padding=&#8221;no-extra-padding&#8221; column_padding_tablet=&#8221;inherit&#8221; column_padding_phone=&#8221;inherit&#8221; column_padding_position=&#8221;all&#8221; background_color_opacity=&#8221;1&#8243; background_hover_color_opacity=&#8221;1&#8243; column_shadow=&#8221;none&#8221; column_border_radius=&#8221;none&#8221; column_link_target=&#8221;_self&#8221; gradient_direction=&#8221;left_to_right&#8221; overlay_strength=&#8221;0.3&#8243; width=&#8221;1\/1&#8243; tablet_width_inherit=&#8221;default&#8221; tablet_text_alignment=&#8221;default&#8221; phone_text_alignment=&#8221;default&#8221; column_border_width=&#8221;none&#8221; column_border_style=&#8221;solid&#8221; bg_image_animation=&#8221;none&#8221;][vc_raw_html]JTNDZGl2JTIwY2xhc3MlM0QlMjJ3YXRlcm1lcmslMjIlM0UlM0MlMkZkaXYlM0U=[\/vc_raw_html][vc_row_inner column_margin=&#8221;default&#8221; column_direction=&#8221;default&#8221; column_direction_tablet=&#8221;default&#8221; column_direction_phone=&#8221;default&#8221; text_align=&#8221;left&#8221;][vc_column_inner column_padding=&#8221;padding-5-percent&#8221; column_padding_tablet=&#8221;inherit&#8221; column_padding_phone=&#8221;no-extra-padding&#8221; column_padding_position=&#8221;right&#8221; background_color_opacity=&#8221;1&#8243; background_hover_color_opacity=&#8221;1&#8243; column_shadow=&#8221;none&#8221; column_border_radius=&#8221;none&#8221; column_link_target=&#8221;_self&#8221; gradient_direction=&#8221;left_to_right&#8221; overlay_strength=&#8221;0.3&#8243; width=&#8221;1\/2&#8243; tablet_width_inherit=&#8221;default&#8221; column_border_width=&#8221;none&#8221; column_border_style=&#8221;solid&#8221; bg_image_animation=&#8221;none&#8221;][vc_column_text]Heb je een vraag, een opmerking, een heel goed idee of een klacht?<br \/>\nDit horen we natuurlijk graag! Neem contact met ons op via dit formulier.<\/p>\n<p>Mocht de vraag\/klacht over olijfolie producten gaan dan kan je direct terecht met een mail naar <a href=\"mailto:bertollinl@deoleo.com\">bertollinl@deoleo.com.<\/a><\/p>\n<p>Neem ook een kijkje tussen onze veelgestelde vragen hieronder \u2013 wie weet hebben we je vraag al eerder beantwoord[\/vc_column_text][mpbr_btn size=&#8221;medium&#8221; button_style=&#8221;regular&#8221; button_color_2=&#8221;Accent-Color&#8221; icon_family=&#8221;none&#8221; el_class=&#8221;custom-button klein&#8221; text=&#8221;Bekijk de FAQ&#8221; url=&#8221;#faq&#8221;][\/vc_column_inner][vc_column_inner column_padding=&#8221;padding-10-percent&#8221; column_padding_tablet=&#8221;inherit&#8221; column_padding_phone=&#8221;no-extra-padding&#8221; column_padding_position=&#8221;right&#8221; background_color_opacity=&#8221;1&#8243; background_hover_color_opacity=&#8221;1&#8243; column_shadow=&#8221;none&#8221; column_border_radius=&#8221;none&#8221; column_link_target=&#8221;_self&#8221; gradient_direction=&#8221;left_to_right&#8221; overlay_strength=&#8221;0.3&#8243; width=&#8221;1\/2&#8243; tablet_width_inherit=&#8221;default&#8221; column_border_width=&#8221;none&#8221; column_border_style=&#8221;solid&#8221; bg_image_animation=&#8221;none&#8221;]\n<div class=\"wpcf7 no-js\" id=\"wpcf7-f11-o1\" lang=\"nl-NL\" dir=\"ltr\" data-wpcf7-id=\"11\">\n<div class=\"screen-reader-response\"><p role=\"status\" aria-live=\"polite\" aria-atomic=\"true\"><\/p> <ul><\/ul><\/div>\n<form action=\"\/nl_be\/wp-json\/wp\/v2\/pages\/2034#wpcf7-f11-o1\" method=\"post\" class=\"wpcf7-form init\" aria-label=\"Contact form\" novalidate=\"novalidate\" data-status=\"init\">\n<fieldset class=\"hidden-fields-container\"><input type=\"hidden\" name=\"_wpcf7\" value=\"11\" \/><input type=\"hidden\" name=\"_wpcf7_version\" value=\"6.1.5\" \/><input type=\"hidden\" name=\"_wpcf7_locale\" value=\"nl_NL\" \/><input type=\"hidden\" name=\"_wpcf7_unit_tag\" value=\"wpcf7-f11-o1\" \/><input type=\"hidden\" name=\"_wpcf7_container_post\" value=\"0\" \/><input type=\"hidden\" name=\"_wpcf7_posted_data_hash\" value=\"\" \/><input type=\"hidden\" name=\"_wpcf7_recaptcha_response\" value=\"\" \/>\n<\/fieldset>\n<p><span class=\"wpcf7-form-control-wrap\" data-name=\"your-name\"><input size=\"40\" maxlength=\"400\" class=\"wpcf7-form-control wpcf7-text wpcf7-validates-as-required\" aria-required=\"true\" aria-invalid=\"false\" placeholder=\"Naam\" value=\"\" type=\"text\" name=\"your-name\" \/><\/span><span class=\"wpcf7-form-control-wrap\" data-name=\"your-email\"><input size=\"40\" maxlength=\"400\" class=\"wpcf7-form-control wpcf7-email wpcf7-validates-as-required wpcf7-text wpcf7-validates-as-email\" aria-required=\"true\" aria-invalid=\"false\" placeholder=\"E-mailadres\" value=\"\" type=\"email\" name=\"your-email\" \/><\/span><span class=\"wpcf7-form-control-wrap\" data-name=\"menu-853\"><select class=\"wpcf7-form-control wpcf7-select wpcf7-validates-as-required\" aria-required=\"true\" aria-invalid=\"false\" name=\"menu-853\"><option value=\"Ik heb een vraag\">Ik heb een vraag<\/option><option value=\"Ik heb een klacht\">Ik heb een klacht<\/option><option value=\"Ik heb een idee of compliment\">Ik heb een idee of compliment<\/option><\/select><\/span><span class=\"wpcf7-form-control-wrap\" data-name=\"your-message\"><textarea cols=\"40\" rows=\"10\" maxlength=\"2000\" class=\"wpcf7-form-control wpcf7-textarea wpcf7-validates-as-required\" aria-required=\"true\" aria-invalid=\"false\" placeholder=\"Type hier uw bericht. Mocht u een klacht hebben over een product, zou u dan de \u2018L- code met tijdsaanduiding\u2019 kunnen vermelden die bij de THT gedrukt staat van het product.\" name=\"your-message\"><\/textarea><\/span><br \/>\n<input class=\"wpcf7-form-control wpcf7-submit has-spinner\" type=\"submit\" value=\"Verzenden\" \/>\n<\/p><div class=\"wpcf7-response-output\" aria-hidden=\"true\"><\/div>\n<\/form>\n<\/div>\n[\/vc_column_inner][\/vc_row_inner][\/vc_column][\/vc_row][vc_row type=&#8221;full_width_background&#8221; full_screen_row_position=&#8221;middle&#8221; column_margin=&#8221;default&#8221; column_direction=&#8221;default&#8221; column_direction_tablet=&#8221;default&#8221; column_direction_phone=&#8221;default&#8221; bg_color=&#8221;#f4b2a1&#8243; scene_position=&#8221;center&#8221; top_padding=&#8221;90&#8243; bottom_padding=&#8221;90&#8243; text_color=&#8221;dark&#8221; text_align=&#8221;left&#8221; row_border_radius=&#8221;none&#8221; row_border_radius_applies=&#8221;bg&#8221; class=&#8221;ruiten-boven roze dubbele-lijn-background watermark-background&#8221; id=&#8221;faq&#8221; overlay_strength=&#8221;0.3&#8243; gradient_direction=&#8221;left_to_right&#8221; shape_divider_position=&#8221;bottom&#8221; bg_image_animation=&#8221;none&#8221; shape_type=&#8221;&#8221;][vc_column column_padding=&#8221;no-extra-padding&#8221; column_padding_tablet=&#8221;inherit&#8221; column_padding_phone=&#8221;inherit&#8221; column_padding_position=&#8221;all&#8221; background_color_opacity=&#8221;1&#8243; background_hover_color_opacity=&#8221;1&#8243; column_shadow=&#8221;none&#8221; column_border_radius=&#8221;none&#8221; column_link_target=&#8221;_self&#8221; gradient_direction=&#8221;left_to_right&#8221; overlay_strength=&#8221;0.3&#8243; width=&#8221;1\/1&#8243; tablet_width_inherit=&#8221;default&#8221; tablet_text_alignment=&#8221;default&#8221; phone_text_alignment=&#8221;default&#8221; column_border_width=&#8221;none&#8221; column_border_style=&#8221;solid&#8221; bg_image_animation=&#8221;none&#8221;][vc_column_text el_class=&#8221;komua color-white&#8221;]\n<h2 style=\"text-align: center;\">Veelgestelde vragen<\/h2>\n[\/vc_column_text][toggles style=&#8221;minimal&#8221; accordion=&#8221;true&#8221;][toggle color=&#8221;Default&#8221; title=&#8221;WAAR KAN IK EEN LIJST VAN PRODUCTEN ZONDER ALLERGENEN VINDEN?&#8221;][vc_column_text]Wij hebben helaas geen lijst met producten die vrij zijn van een bepaald allergeen, aangezien deze snel achterhaald kan zijn. Wij verwijzen u voor informatie over allergenen naar onze verpakkingen. Wanneer \u00e9\u00e9n van de 14 verplicht te vermelden allergenen als ingredi\u00ebnt gebruikt wordt in het product, staat dit bij de ingredi\u00ebntendeclaratie op de verpakking. Het gaat om de volgende bij de wet verplicht te vermelden allergenen: glutenbevattende granen, kippenei, vis, pinda, noten, soja, melk, inclusief lactose, schaaldieren, weekdieren, selderij, mosterd, sesamzaad, sulfiet en lupine. Bertolli kiest er voor om sporen van deze 14 allergenen ook te vermelden als deze in een product aanwezig (kunnen) zijn. Hiervoor maken we gebruik van zinnen als &#8216;kan sporen bevatten van &#8230;\u00b4. Als het allergeen niet op de verpakking staat, zit dit allergeen dus niet in het betreffende product.[\/vc_column_text][\/toggle][toggle color=&#8221;Default&#8221; title=&#8221;WAAROM WORDEN ALLERGENEN OP EEN VERPAKKING VERMELD?&#8221;][vc_column_text]Allergeniciteit is ook vastgelegd in de Europese wetgeving. Mensen zijn met name allergisch voor eiwitten. De EU heeft vastgesteld welke allergenen expliciet op de verpakking vermeld moeten worden, omdat zij kunnen leiden tot zeer ernstige reacties bij mensen.<\/p>\n<p><u><b>Bevat Bertolli verborgen ingredi\u00ebnten?<br \/>\n<\/b><\/u>Alle ingredi\u00ebnten die wij gebruiken worden vermeld op de verpakking. Als er kruiden en of specerijen staan vermeld zijn dit ook altijd \u00e9cht kruiden of specerijen. Die we graag een beetje geheim houden\u2026. Maar onder deze benaming gebruiken we nooit aroma\u2019s of smaakversterkers.<\/p>\n[\/vc_column_text][\/toggle][toggle color=&#8221;Default&#8221; title=&#8221;KAN EEN BERTOLLI-PRODUCT WAARVAN DE HOUDBAARHEIDSDATUM IS VERLOPEN NOG WORDEN GEBRUIKT?&#8221;][vc_column_text]Bertolli-producten voldoen aan onze strenge kwaliteitseisen tot aan de houdbaarheidsdatum. Daarna kunnen wij de productkwaliteit niet meer garanderen.[\/vc_column_text][\/toggle][toggle color=&#8221;Default&#8221; title=&#8221;Ik kan product X niet vinden bij mijn supermarkt. Wat nu?&#8221;][vc_column_text]Verkoopt jouw favoriete supermarkt nog niet het Bertolli product dat jij zoekt? Vraag dan bij de servicebalie of het hoofdkantoor van de supermarktketen of ze dit voor je kunnen opnemen. Deze hoofdkantoren zijn meestal het beste per email bereikbaar. Het adres kun je vinden op de website van de betreffende keten. Bertolli levert aan bijna alle Nederlandse supermarkten en zou ook jouw supermarkt moeten kunnen beleveren.[\/vc_column_text][\/toggle][toggle color=&#8221;Default&#8221; title=&#8221;WELKE BERTOLLI-PRODUCTEN ZIJN VEGETARISCH of veganistisch?&#8221;][vc_column_text]Voor een overzicht van alle vegetarische en veganistische producten kunt u de producten pagina raadplegen.[\/vc_column_text][\/toggle][\/toggles][vc_column_text el_class=&#8221;color-white&#8221;]Heeft u een andere vraag, klacht of compliment? Neem gerust contact met ons op. Vult u het contactformulier in en wij komen zo snel mogelijk bij u terug.[\/vc_column_text][\/vc_column][\/vc_row]\n","protected":false},"excerpt":{"rendered":"<p>[vc_row type=&#8221;full_width_content&#8221; full_screen_row_position=&#8221;middle&#8221; column_margin=&#8221;default&#8221; column_direction=&#8221;default&#8221; column_direction_tablet=&#8221;default&#8221; column_direction_phone=&#8221;default&#8221; bg_color=&#8221;#fdf2e4&#8243; scene_position=&#8221;center&#8221; top_padding=&#8221;300&#8243; text_color=&#8221;dark&#8221; text_align=&#8221;left&#8221; row_border_radius=&#8221;none&#8221; row_border_radius_applies=&#8221;bg&#8221; class=&#8221;header-subpage-achtergrond&#8221; overlay_strength=&#8221;0.3&#8243; gradient_direction=&#8221;left_to_right&#8221; shape_divider_position=&#8221;bottom&#8221; bg_image_animation=&#8221;none&#8221; shape_type=&#8221;&#8221;][vc_column column_padding=&#8221;no-extra-padding&#8221; column_padding_tablet=&#8221;inherit&#8221; column_padding_phone=&#8221;inherit&#8221; column_padding_position=&#8221;all&#8221; background_color_opacity=&#8221;1&#8243; background_hover_color_opacity=&#8221;1&#8243; column_shadow=&#8221;none&#8221; column_border_radius=&#8221;none&#8221; column_link_target=&#8221;_self&#8221; gradient_direction=&#8221;left_to_right&#8221;&#8230;<\/p>\n","protected":false},"author":6,"featured_media":0,"parent":0,"menu_order":21,"comment_status":"closed","ping_status":"closed","template":"","meta":{"inline_featured_image":false,"footnotes":""},"class_list":["post-2034","page","type-page","status-publish"],"_links":{"self":[{"href":"https:\/\/case-bertolli.mpbr.dev\/nl_be\/wp-json\/wp\/v2\/pages\/2034","targetHints":{"allow":["GET"]}}],"collection":[{"href":"https:\/\/case-bertolli.mpbr.dev\/nl_be\/wp-json\/wp\/v2\/pages"}],"about":[{"href":"https:\/\/case-bertolli.mpbr.dev\/nl_be\/wp-json\/wp\/v2\/types\/page"}],"author":[{"embeddable":true,"href":"https:\/\/case-bertolli.mpbr.dev\/nl_be\/wp-json\/wp\/v2\/users\/6"}],"replies":[{"embeddable":true,"href":"https:\/\/case-bertolli.mpbr.dev\/nl_be\/wp-json\/wp\/v2\/comments?post=2034"}],"version-history":[{"count":2,"href":"https:\/\/case-bertolli.mpbr.dev\/nl_be\/wp-json\/wp\/v2\/pages\/2034\/revisions"}],"predecessor-version":[{"id":3309,"href":"https:\/\/case-bertolli.mpbr.dev\/nl_be\/wp-json\/wp\/v2\/pages\/2034\/revisions\/3309"}],"wp:attachment":[{"href":"https:\/\/case-bertolli.mpbr.dev\/nl_be\/wp-json\/wp\/v2\/media?parent=2034"}],"curies":[{"name":"wp","href":"https:\/\/api.w.org\/{rel}","templated":true}]}}